{"id":146404,"date":"2025-02-22T20:46:04","date_gmt":"2025-02-22T17:46:04","guid":{"rendered":"https:\/\/kingarms.ee\/product\/fenix-aer-04-distantsluliti\/"},"modified":"2025-08-03T16:47:18","modified_gmt":"2025-08-03T13:47:18","slug":"fenix-aer-04-distantsluliti","status":"publish","type":"product","link":"https:\/\/kingarms.ee\/lv\/product\/fenix-aer-04-distantsluliti\/","title":{"rendered":"FENIX AER-04 ATT\u0100LUMA SL\u0112DZIS"},"content":{"rendered":"","protected":false},"excerpt":{"rendered":"<p>FENIX AER-04 ATT\u0100LUMA SL\u0112DZIS<\/p>\n<p>Att\u0101luma sl\u0113dzis luktur\u012b\u0161iem ar taktisko lietot\u0101ja saskarni, izmantojot Fenix 21700 baro\u0161anas avotus. Sl\u0113dzim ir divas pogas, kas \u013cauj \u012bslaic\u012bgi apgaismot lampu, p\u0101rsl\u0113gt lampu uz nep\u0101rtrauktu darb\u012bbu un izv\u0113l\u0113ties luktura gaismas intensit\u0101ti (funkcijas var nedaudz at\u0161\u0137irties atkar\u012bb\u0101 no luktura). Sl\u0113d\u017ea dizains ir piln\u012bb\u0101 \u016bdensiztur\u012bgs un iztur\u012bgs pret laika apst\u0101k\u013ciem, darb\u012bba ir klusa. Maksim\u0101lais kop\u0113jais att\u0101luma sl\u0113d\u017ea garums ir 34cm.<\/p>\n<p>Piem\u0113rots \u0161\u0101diem Fenix luktur\u012b\u0161iem:<\/p>\n<p>HT18, HT30R, TK22 V2, TK22UE Striker, TK30<\/p>\n<p>Ja jums ir k\u0101di jaut\u0101jumi par att\u0101luma sl\u0113d\u017ea piem\u0113rot\u012bbu, l\u016bdzu, sazinieties ar Taskulambid.eu klientu atbalsts.<\/p>\n","protected":false},"featured_media":144331,"template":"","meta":{"_acf_changed":false},"product_brand":[],"product_cat":[1037],"product_tag":[],"class_list":{"0":"post-146404","1":"product","2":"type-product","3":"status-publish","4":"has-post-thumbnail","6":"product_cat-lukturisi","8":"first","9":"instock","10":"purchasable","11":"product-type-simple"},"acf":[],"_links":{"self":[{"href":"https:\/\/kingarms.ee\/lv\/wp-json\/wp\/v2\/product\/146404","targetHints":{"allow":["GET"]}}],"collection":[{"href":"https:\/\/kingarms.ee\/lv\/wp-json\/wp\/v2\/product"}],"about":[{"href":"https:\/\/kingarms.ee\/lv\/wp-json\/wp\/v2\/types\/product"}],"wp:featuredmedia":[{"embeddable":true,"href":"https:\/\/kingarms.ee\/lv\/wp-json\/wp\/v2\/media\/144331"}],"wp:attachment":[{"href":"https:\/\/kingarms.ee\/lv\/wp-json\/wp\/v2\/media?parent=146404"}],"wp:term":[{"taxonomy":"product_brand","embeddable":true,"href":"https:\/\/kingarms.ee\/lv\/wp-json\/wp\/v2\/product_brand?post=146404"},{"taxonomy":"product_cat","embeddable":true,"href":"https:\/\/kingarms.ee\/lv\/wp-json\/wp\/v2\/product_cat?post=146404"},{"taxonomy":"product_tag","embeddable":true,"href":"https:\/\/kingarms.ee\/lv\/wp-json\/wp\/v2\/product_tag?post=146404"}],"curies":[{"name":"wp","href":"https:\/\/api.w.org\/{rel}","templated":true}]}}