{"id":146414,"date":"2025-02-22T20:46:04","date_gmt":"2025-02-22T17:46:04","guid":{"rendered":"https:\/\/kingarms.ee\/product\/fenix-afh-02-pealampide-peapael\/"},"modified":"2025-08-02T14:28:54","modified_gmt":"2025-08-02T11:28:54","slug":"fenix-afh-02-pealampide-peapael","status":"publish","type":"product","link":"https:\/\/kingarms.ee\/lv\/product\/fenix-afh-02-pealampide-peapael\/","title":{"rendered":"FENIX AFH &#8211; 02 LUKTURU GALVAS SAITE"},"content":{"rendered":"","protected":false},"excerpt":{"rendered":"<p>Dark shades rezerves galvas lentes komplekts Fenix galvenajiem lukturiem. Kr\u0101sa Melna + tum\u0161i pel\u0113ka kombin\u0101cija. Nav atstarojo\u0161u elementu, kas labi piem\u0113roti milit\u0101r\u0101m vajadz\u012bb\u0101m. Izgatavots no perfor\u0113ta un elpojo\u0161a materi\u0101la, kas rakstur\u012bgs Fenix galvas sait\u0113m.<\/p>\n<p>Komplekt\u0101 ietilpst apa\u013ca galvas \u0161trope un virs galvas \u0161trope.<\/p>\n<p>Der visiem Fenix galvenajiem lukturiem v. A HL32R-T, HL40R, HM65R (D) &#8211; T. Tas ir savietojams ar\u012b ar vair\u0101kiem citu ra\u017eot\u0101ju galvenajiem lukturiem (jaut\u0101jiet par piem\u0113rot\u012bbu atsevi\u0161\u0137i).<\/p>\n","protected":false},"featured_media":144349,"template":"","meta":{"_acf_changed":false},"product_brand":[],"product_cat":[1037],"product_tag":[],"class_list":{"0":"post-146414","1":"product","2":"type-product","3":"status-publish","4":"has-post-thumbnail","6":"product_cat-lukturisi","8":"first","9":"instock","10":"purchasable","11":"product-type-simple"},"acf":[],"_links":{"self":[{"href":"https:\/\/kingarms.ee\/lv\/wp-json\/wp\/v2\/product\/146414","targetHints":{"allow":["GET"]}}],"collection":[{"href":"https:\/\/kingarms.ee\/lv\/wp-json\/wp\/v2\/product"}],"about":[{"href":"https:\/\/kingarms.ee\/lv\/wp-json\/wp\/v2\/types\/product"}],"wp:featuredmedia":[{"embeddable":true,"href":"https:\/\/kingarms.ee\/lv\/wp-json\/wp\/v2\/media\/144349"}],"wp:attachment":[{"href":"https:\/\/kingarms.ee\/lv\/wp-json\/wp\/v2\/media?parent=146414"}],"wp:term":[{"taxonomy":"product_brand","embeddable":true,"href":"https:\/\/kingarms.ee\/lv\/wp-json\/wp\/v2\/product_brand?post=146414"},{"taxonomy":"product_cat","embeddable":true,"href":"https:\/\/kingarms.ee\/lv\/wp-json\/wp\/v2\/product_cat?post=146414"},{"taxonomy":"product_tag","embeddable":true,"href":"https:\/\/kingarms.ee\/lv\/wp-json\/wp\/v2\/product_tag?post=146414"}],"curies":[{"name":"wp","href":"https:\/\/api.w.org\/{rel}","templated":true}]}}