{"id":146419,"date":"2025-02-22T20:46:04","date_gmt":"2025-02-22T17:46:04","guid":{"rendered":"https:\/\/kingarms.ee\/product\/fenix-afh-03-pealampide-peapael\/"},"modified":"2025-08-02T14:29:41","modified_gmt":"2025-08-02T11:29:41","slug":"fenix-afh-03-pealampide-peapael","status":"publish","type":"product","link":"https:\/\/kingarms.ee\/lv\/product\/fenix-afh-03-pealampide-peapael\/","title":{"rendered":"FENIX AFH &#8211; 03 LUKTURU GALVAS SAITE"},"content":{"rendered":"","protected":false},"excerpt":{"rendered":"<p>Rezerves galvas sai\u0161u komplekts Fenix galvenajiem lukturiem. Kr\u0101sa oran\u017ea + tum\u0161i pel\u0113ka kombin\u0101cija. Izgatavots no perfor\u0113ta un elpojo\u0161a materi\u0101la, kas rakstur\u012bgs Fenix galvas sait\u0113m. Komplekt\u0101 ietilpst apa\u013ca galvas lente. Der visiem kompaktajiem Fenix galvenajiem lukturiem bez virs galvas \u0161tropes v. A HL40R. att\u0113l\u0101 redzamais lukturis nav iek\u013cauts komplekt\u0101.<\/p>\n","protected":false},"featured_media":144355,"template":"","meta":{"_acf_changed":false},"product_brand":[],"product_cat":[1037],"product_tag":[],"class_list":{"0":"post-146419","1":"product","2":"type-product","3":"status-publish","4":"has-post-thumbnail","6":"product_cat-lukturisi","8":"first","9":"instock","10":"purchasable","11":"product-type-simple"},"acf":[],"_links":{"self":[{"href":"https:\/\/kingarms.ee\/lv\/wp-json\/wp\/v2\/product\/146419","targetHints":{"allow":["GET"]}}],"collection":[{"href":"https:\/\/kingarms.ee\/lv\/wp-json\/wp\/v2\/product"}],"about":[{"href":"https:\/\/kingarms.ee\/lv\/wp-json\/wp\/v2\/types\/product"}],"wp:featuredmedia":[{"embeddable":true,"href":"https:\/\/kingarms.ee\/lv\/wp-json\/wp\/v2\/media\/144355"}],"wp:attachment":[{"href":"https:\/\/kingarms.ee\/lv\/wp-json\/wp\/v2\/media?parent=146419"}],"wp:term":[{"taxonomy":"product_brand","embeddable":true,"href":"https:\/\/kingarms.ee\/lv\/wp-json\/wp\/v2\/product_brand?post=146419"},{"taxonomy":"product_cat","embeddable":true,"href":"https:\/\/kingarms.ee\/lv\/wp-json\/wp\/v2\/product_cat?post=146419"},{"taxonomy":"product_tag","embeddable":true,"href":"https:\/\/kingarms.ee\/lv\/wp-json\/wp\/v2\/product_tag?post=146419"}],"curies":[{"name":"wp","href":"https:\/\/api.w.org\/{rel}","templated":true}]}}