{"id":146429,"date":"2025-02-22T20:46:04","date_gmt":"2025-02-22T17:46:04","guid":{"rendered":"https:\/\/kingarms.ee\/product\/fenix-alb-10-jalgratta-kiirkinnitus-taskulampidele\/"},"modified":"2025-08-02T14:32:17","modified_gmt":"2025-08-02T11:32:17","slug":"fenix-alb-10-jalgratta-kiirkinnitus-taskulampidele","status":"publish","type":"product","link":"https:\/\/kingarms.ee\/lv\/product\/fenix-alb-10-jalgratta-kiirkinnitus-taskulampidele\/","title":{"rendered":"FENIX ALB &#8211; 10 VELOSIP\u0112DU \u0100TRAIS STIPRIN\u0100JUMS LUKTUR\u012a\u0160IEM"},"content":{"rendered":"","protected":false},"excerpt":{"rendered":"<p>Fenix alb &#8211; 10 ir univers\u0101ls \u0101tri atbr\u012bvojams velosip\u0113da stiprin\u0101jums da\u017e\u0101diem luktur\u012b\u0161iem. Stiprin\u0101juma aug\u0161\u0113j\u0101 da\u013ca ir apa\u013ca, 18-26mm diametrs, luktur\u012b\u0161i. Velosip\u0113da stiprin\u0101juma apak\u0161\u0113j\u0101 da\u013ca ir piestiprin\u0101ta pie velosip\u0113da st\u016bres ar diametru 22-35mm.aug\u0161\u0113jo da\u013cu ar lukturi var atbr\u012bvot no st\u016bres apak\u0161\u0113j\u0101s da\u013cas da\u017eu sekun\u017eu laik\u0101 (nospie\u017eot atbr\u012bvo\u0161anas spr\u016bdu un b\u012bdot aug\u0161\u0113jo da\u013cu uz leju). Fiks\u0113to luktur\u012bti var p\u0101rvietot uz aug\u0161u un uz leju attiec\u012bb\u0101 pret st\u016bri un kopum\u0101 30 gr\u0101dus pa labi un pa kreisi. Stiprin\u0101juma iek\u0161\u0113j\u0101s virsmas ir p\u0101rkl\u0101tas ar nesl\u012bdo\u0161u materi\u0101lu, kas aizsarg\u0101 gan luktura korpusu, gan velosip\u0113da st\u016bri.<\/p>\n","protected":false},"featured_media":144367,"template":"","meta":{"_acf_changed":false},"product_brand":[],"product_cat":[1037],"product_tag":[],"class_list":{"0":"post-146429","1":"product","2":"type-product","3":"status-publish","4":"has-post-thumbnail","6":"product_cat-lukturisi","8":"first","9":"instock","10":"purchasable","11":"product-type-simple"},"acf":[],"_links":{"self":[{"href":"https:\/\/kingarms.ee\/lv\/wp-json\/wp\/v2\/product\/146429","targetHints":{"allow":["GET"]}}],"collection":[{"href":"https:\/\/kingarms.ee\/lv\/wp-json\/wp\/v2\/product"}],"about":[{"href":"https:\/\/kingarms.ee\/lv\/wp-json\/wp\/v2\/types\/product"}],"wp:featuredmedia":[{"embeddable":true,"href":"https:\/\/kingarms.ee\/lv\/wp-json\/wp\/v2\/media\/144367"}],"wp:attachment":[{"href":"https:\/\/kingarms.ee\/lv\/wp-json\/wp\/v2\/media?parent=146429"}],"wp:term":[{"taxonomy":"product_brand","embeddable":true,"href":"https:\/\/kingarms.ee\/lv\/wp-json\/wp\/v2\/product_brand?post=146429"},{"taxonomy":"product_cat","embeddable":true,"href":"https:\/\/kingarms.ee\/lv\/wp-json\/wp\/v2\/product_cat?post=146429"},{"taxonomy":"product_tag","embeddable":true,"href":"https:\/\/kingarms.ee\/lv\/wp-json\/wp\/v2\/product_tag?post=146429"}],"curies":[{"name":"wp","href":"https:\/\/api.w.org\/{rel}","templated":true}]}}