{"id":146434,"date":"2025-02-22T20:46:04","date_gmt":"2025-02-22T17:46:04","guid":{"rendered":"https:\/\/kingarms.ee\/product\/fenix-ald-05-kiivrikinnitus-taskulampidele\/"},"modified":"2025-08-02T14:33:00","modified_gmt":"2025-08-02T11:33:00","slug":"fenix-ald-05-kiivrikinnitus-taskulampidele","status":"publish","type":"product","link":"https:\/\/kingarms.ee\/lv\/product\/fenix-ald-05-kiivrikinnitus-taskulampidele\/","title":{"rendered":"FENIX ALD &#8211; 05 \u0136IVERES STIPRIN\u0100JUMS LUKTUR\u012a\u0160IEM"},"content":{"rendered":"","protected":false},"excerpt":{"rendered":"<p>Fenix Ald &#8211; 05 ir \u012bpa\u0161a galvas saite ar cilindrisku korpusu parasto kabatas lampu piestiprin\u0101\u0161anai r\u016bpniecisk\u0101m, gl\u0101b\u0161anas un da\u017e\u0101d\u0101m celtniec\u012bbas \u0137iver\u0113m. Lampas stiprin\u0101juma kron\u0161teins ir \u0101rk\u0101rt\u012bgi sp\u0113c\u012bgas konstrukcijas, pagrie\u017eams pie \u0137iveres 360 gr\u0101dos un regul\u0113jams, lai taj\u0101 ietilptu lampas ar \u0137erme\u0146a diametru 20-28mm un galvas diametru l\u012bdz 40mm. Lampas piestiprin\u0101\u0161ana pie tur\u0113t\u0101ja tiek veikta, pievelkot tur\u0113t\u0101ja pus\u012btes ar spriego\u0161anas skr\u016bvi (nav nepiecie\u0161ami instrumenti). Stiprin\u0101jums ir izgatavots no antistatiskas gumijas, kas iek\u0161pus\u0113 ir apr\u012bkots ar ieliektiem tuk\u0161umiem, lai pal\u012bdz\u0113tu stiprin\u0101jumam nostiprin\u0101ties uz \u0137iveres virsmas. Lukturis ar mont\u0101\u017eas siksnu stingri paliek uz \u0137iveres pat ar intens\u012bvu kust\u012bbu. Lampas tur\u0113t\u0101ja izm\u0113ri ir 70x48x47mm; gumijas stiprin\u0101juma biezums ir 2mm, platums ir 25mm un kop\u0113jais garums ir 700mm.<\/p>\n","protected":false},"featured_media":144373,"template":"","meta":{"_acf_changed":false},"product_brand":[],"product_cat":[1037],"product_tag":[],"class_list":{"0":"post-146434","1":"product","2":"type-product","3":"status-publish","4":"has-post-thumbnail","6":"product_cat-lukturisi","8":"first","9":"instock","10":"purchasable","11":"product-type-simple"},"acf":[],"_links":{"self":[{"href":"https:\/\/kingarms.ee\/lv\/wp-json\/wp\/v2\/product\/146434","targetHints":{"allow":["GET"]}}],"collection":[{"href":"https:\/\/kingarms.ee\/lv\/wp-json\/wp\/v2\/product"}],"about":[{"href":"https:\/\/kingarms.ee\/lv\/wp-json\/wp\/v2\/types\/product"}],"wp:featuredmedia":[{"embeddable":true,"href":"https:\/\/kingarms.ee\/lv\/wp-json\/wp\/v2\/media\/144373"}],"wp:attachment":[{"href":"https:\/\/kingarms.ee\/lv\/wp-json\/wp\/v2\/media?parent=146434"}],"wp:term":[{"taxonomy":"product_brand","embeddable":true,"href":"https:\/\/kingarms.ee\/lv\/wp-json\/wp\/v2\/product_brand?post=146434"},{"taxonomy":"product_cat","embeddable":true,"href":"https:\/\/kingarms.ee\/lv\/wp-json\/wp\/v2\/product_cat?post=146434"},{"taxonomy":"product_tag","embeddable":true,"href":"https:\/\/kingarms.ee\/lv\/wp-json\/wp\/v2\/product_tag?post=146434"}],"curies":[{"name":"wp","href":"https:\/\/api.w.org\/{rel}","templated":true}]}}