{"id":146439,"date":"2025-02-22T20:46:04","date_gmt":"2025-02-22T17:46:04","guid":{"rendered":"https:\/\/kingarms.ee\/product\/fenix-ald-08-kiivrikinnitus-fenix-jalgrattalampidele\/"},"modified":"2025-08-02T14:33:46","modified_gmt":"2025-08-02T11:33:46","slug":"fenix-ald-08-kiivrikinnitus-fenix-jalgrattalampidele","status":"publish","type":"product","link":"https:\/\/kingarms.ee\/lv\/product\/fenix-ald-08-kiivrikinnitus-fenix-jalgrattalampidele\/","title":{"rendered":"FENIX ALD &#8211; 08 \u0136IVERES STIPRIN\u0100JUMS FENIX VELOSIP\u0112DU LAMP\u0100M"},"content":{"rendered":"","protected":false},"excerpt":{"rendered":"<p>Fenix Ald &#8211; 08 ir univers\u0101ls \u0101tras darb\u012bbas stiprin\u0101jums Fenix velosip\u0113du lampu piestiprin\u0101\u0161anai velosip\u0113distu \u0137iver\u0113m. Stiprin\u0101jums ir piestiprin\u0101ts pie \u0137iveres ar plastmasas kabe\u013cu sait\u0113m. Velosip\u0113da lukturis tiek iespiests stiprin\u0101juma riev\u0101, kur tas tiek fiks\u0113ts. Lai atbr\u012bvotu, nospiediet stiprin\u0101juma atbr\u012bvo\u0161anas spr\u016bdu un izvelciet lampu no stiprin\u0101juma pret\u0113j\u0101 virzien\u0101.<\/p>\n<p>Der \u0161\u0101d\u0101m Fenix velosip\u0113du lamp\u0101m: BC21R V2.0, BC25R, BC26R, BC30, BC30R, BC30 V2. 0, BC35R<\/p>\n","protected":false},"featured_media":144379,"template":"","meta":{"_acf_changed":false},"product_brand":[],"product_cat":[1037],"product_tag":[],"class_list":{"0":"post-146439","1":"product","2":"type-product","3":"status-publish","4":"has-post-thumbnail","6":"product_cat-lukturisi","8":"first","9":"instock","10":"purchasable","11":"product-type-simple"},"acf":[],"_links":{"self":[{"href":"https:\/\/kingarms.ee\/lv\/wp-json\/wp\/v2\/product\/146439","targetHints":{"allow":["GET"]}}],"collection":[{"href":"https:\/\/kingarms.ee\/lv\/wp-json\/wp\/v2\/product"}],"about":[{"href":"https:\/\/kingarms.ee\/lv\/wp-json\/wp\/v2\/types\/product"}],"wp:featuredmedia":[{"embeddable":true,"href":"https:\/\/kingarms.ee\/lv\/wp-json\/wp\/v2\/media\/144379"}],"wp:attachment":[{"href":"https:\/\/kingarms.ee\/lv\/wp-json\/wp\/v2\/media?parent=146439"}],"wp:term":[{"taxonomy":"product_brand","embeddable":true,"href":"https:\/\/kingarms.ee\/lv\/wp-json\/wp\/v2\/product_brand?post=146439"},{"taxonomy":"product_cat","embeddable":true,"href":"https:\/\/kingarms.ee\/lv\/wp-json\/wp\/v2\/product_cat?post=146439"},{"taxonomy":"product_tag","embeddable":true,"href":"https:\/\/kingarms.ee\/lv\/wp-json\/wp\/v2\/product_tag?post=146439"}],"curies":[{"name":"wp","href":"https:\/\/api.w.org\/{rel}","templated":true}]}}