{"id":146444,"date":"2025-02-22T20:46:04","date_gmt":"2025-02-22T17:46:04","guid":{"rendered":"https:\/\/kingarms.ee\/product\/fenix-ald-10-gopro-liitega-fenix-jalgrattalampide-kiirkinnitus\/"},"modified":"2025-08-02T14:34:36","modified_gmt":"2025-08-02T11:34:36","slug":"fenix-ald-10-gopro-liitega-fenix-jalgrattalampide-kiirkinnitus","status":"publish","type":"product","link":"https:\/\/kingarms.ee\/lv\/product\/fenix-ald-10-gopro-liitega-fenix-jalgrattalampide-kiirkinnitus\/","title":{"rendered":"FENIX ALD &#8211; 10 GOPRO STIPRIN\u0100JUMS FENIX VELOSIP\u0112DU LAMP\u0100M"},"content":{"rendered":"","protected":false},"excerpt":{"rendered":"<p>Fenix Ald-10 ir univers\u0101ls \u0101tri atbr\u012bvojams velosip\u0113du stiprin\u0101jums da\u017e\u0101d\u0101m Fenix velosip\u0113du lamp\u0101m. At\u0161\u0137ir\u012bb\u0101 no citiem Fenix velosip\u0113du stiprin\u0101jumiem, kas piestiprin\u0101ti pie velosip\u0113da st\u016bres, Fenix Ald-10 piestiprina j\u016bsu eso\u0161\u0101s GoPro ier\u012bces standarta saskarnei (pats interfeiss nav iek\u013cauts pirkum\u0101). Katra Fenix velosip\u0113da lampa tiek atbr\u012bvota no \u0161\u012b stiprin\u0101juma da\u017eu sekun\u017eu laik\u0101 (nospie\u017eot atbr\u012bvo\u0161anas spr\u016bdu un b\u012bdot luktura da\u013cu uz leju). Papildus GoPro stiprin\u0101jumam ir iek\u013cauts starplika, kas \u013cauj pagarin\u0101t att\u0101lumu starp GoPro saskarni un lampu. Tas var b\u016bt nepiecie\u0161ams velosip\u0113da st\u016bres konstrukcijas \u012bpatn\u012bbu d\u0113\u013c vai situ\u0101cij\u0101s, kad st\u016brei ir piestiprin\u0101tas papildu ier\u012bces. Fenix Ald-10 ir izgatavots no iztur\u012bgas elast\u012bgas plastmasas, kas samazina gan luktura vibr\u0101ciju, gan l\u016bzuma risku.<\/p>\n<p>Fit: visi Fenix velosip\u0113du lukturi (v. a aizmugur\u0113jie Lukturi)<\/p>\n","protected":false},"featured_media":144385,"template":"","meta":{"_acf_changed":false},"product_brand":[],"product_cat":[1037],"product_tag":[],"class_list":{"0":"post-146444","1":"product","2":"type-product","3":"status-publish","4":"has-post-thumbnail","6":"product_cat-lukturisi","8":"first","9":"instock","10":"purchasable","11":"product-type-simple"},"acf":[],"_links":{"self":[{"href":"https:\/\/kingarms.ee\/lv\/wp-json\/wp\/v2\/product\/146444","targetHints":{"allow":["GET"]}}],"collection":[{"href":"https:\/\/kingarms.ee\/lv\/wp-json\/wp\/v2\/product"}],"about":[{"href":"https:\/\/kingarms.ee\/lv\/wp-json\/wp\/v2\/types\/product"}],"wp:featuredmedia":[{"embeddable":true,"href":"https:\/\/kingarms.ee\/lv\/wp-json\/wp\/v2\/media\/144385"}],"wp:attachment":[{"href":"https:\/\/kingarms.ee\/lv\/wp-json\/wp\/v2\/media?parent=146444"}],"wp:term":[{"taxonomy":"product_brand","embeddable":true,"href":"https:\/\/kingarms.ee\/lv\/wp-json\/wp\/v2\/product_brand?post=146444"},{"taxonomy":"product_cat","embeddable":true,"href":"https:\/\/kingarms.ee\/lv\/wp-json\/wp\/v2\/product_cat?post=146444"},{"taxonomy":"product_tag","embeddable":true,"href":"https:\/\/kingarms.ee\/lv\/wp-json\/wp\/v2\/product_tag?post=146444"}],"curies":[{"name":"wp","href":"https:\/\/api.w.org\/{rel}","templated":true}]}}