{"id":146454,"date":"2025-02-22T20:46:04","date_gmt":"2025-02-22T17:46:04","guid":{"rendered":"https:\/\/kingarms.ee\/product\/fenix-alg-03-v2-0-kiivrikinnitus-fenix-pealampidele\/"},"modified":"2025-08-02T14:36:06","modified_gmt":"2025-08-02T11:36:06","slug":"fenix-alg-03-v2-0-kiivrikinnitus-fenix-pealampidele","status":"publish","type":"product","link":"https:\/\/kingarms.ee\/lv\/product\/fenix-alg-03-v2-0-kiivrikinnitus-fenix-pealampidele\/","title":{"rendered":"FENIX ALG &#8211; 03 V2. 0 \u0137iveres stiprin\u0101jums FENIX galvenajiem lukturiem"},"content":{"rendered":"","protected":false},"excerpt":{"rendered":"<p>\u0136iveres stiprin\u0101jums Fenix galvenajiem lukturiem. \u013bauj Fenix galveno lukturi piestiprin\u0101t pie da\u017e\u0101d\u0101m \u0137iver\u0113m bez pal\u012bgl\u012bdzek\u013ciem un neno\u0146emot galvas saites tur\u0113t\u0101ju. Komplekt\u0101 ietilpst viens mont\u0101\u017eas adapteris un tr\u012bs Tesa mont\u0101\u017eas spilventi\u0146i. \u0136iveres stiprin\u0101jums joproj\u0101m ir sp\u0113c\u012bgs un uzticams.<\/p>\n<p>Der \u0161\u0101diem Fenix galveno lukturu galvas sai\u0161u tur\u0113t\u0101jiem:<\/p>\n<p>HM60R, HM61R, HM61R V2.0, HM65R, HM65R-T, HM70R, HM71R, HM75R, HP35R, HP30R V2. 0, WH23R<\/p>\n","protected":false},"featured_media":144397,"template":"","meta":{"_acf_changed":false},"product_brand":[],"product_cat":[1037],"product_tag":[],"class_list":{"0":"post-146454","1":"product","2":"type-product","3":"status-publish","4":"has-post-thumbnail","6":"product_cat-lukturisi","8":"first","9":"instock","10":"purchasable","11":"product-type-simple"},"acf":[],"_links":{"self":[{"href":"https:\/\/kingarms.ee\/lv\/wp-json\/wp\/v2\/product\/146454","targetHints":{"allow":["GET"]}}],"collection":[{"href":"https:\/\/kingarms.ee\/lv\/wp-json\/wp\/v2\/product"}],"about":[{"href":"https:\/\/kingarms.ee\/lv\/wp-json\/wp\/v2\/types\/product"}],"wp:featuredmedia":[{"embeddable":true,"href":"https:\/\/kingarms.ee\/lv\/wp-json\/wp\/v2\/media\/144397"}],"wp:attachment":[{"href":"https:\/\/kingarms.ee\/lv\/wp-json\/wp\/v2\/media?parent=146454"}],"wp:term":[{"taxonomy":"product_brand","embeddable":true,"href":"https:\/\/kingarms.ee\/lv\/wp-json\/wp\/v2\/product_brand?post=146454"},{"taxonomy":"product_cat","embeddable":true,"href":"https:\/\/kingarms.ee\/lv\/wp-json\/wp\/v2\/product_cat?post=146454"},{"taxonomy":"product_tag","embeddable":true,"href":"https:\/\/kingarms.ee\/lv\/wp-json\/wp\/v2\/product_tag?post=146454"}],"curies":[{"name":"wp","href":"https:\/\/api.w.org\/{rel}","templated":true}]}}