{"id":146508,"date":"2022-05-16T15:06:40","date_gmt":"2025-03-02T14:29:37","guid":{"rendered":"https:\/\/kingarms.ee\/product\/steyr-m9-a1-pistoles-kopija-asg\/"},"modified":"2025-03-02T17:29:37","modified_gmt":"2025-03-02T14:29:37","slug":"steyr-m9-a1-pistoles-kopija-asg","status":"publish","type":"product","link":"https:\/\/kingarms.ee\/lv\/product\/steyr-m9-a1-pistoles-kopija-asg\/","title":{"rendered":"Steyr M9 &#8211; A1 pistoles kopija ASG"},"content":{"rendered":"","protected":false},"excerpt":{"rendered":"<p>Steyr M9-A1 pistoles kopija<\/p>\n<p>Modelis: M9-<br \/>\nS\u0113rija:<br \/>\nZ\u012bmols: ASG<br \/>\nDarb\u012bba: CO2<br \/>\nMateri\u0101ls: ABS<br \/>\nGarums: 187 mm<br \/>\nSvars: 520 gr<br \/>\nKalibrs: 6<br \/>\nJauda: 2 j<br \/>\n\u0100trums: 463 kadri sekund\u0113 (aptuveni 0,20 gr bbs)<br \/>\n\u017durn\u0101ls: 14 bumbi\u0146as<br \/>\nPapildu \u017durn\u0101ls: 16091<\/p>\n","protected":false},"featured_media":119774,"template":"","meta":{"_acf_changed":false},"product_brand":[],"product_cat":[1000],"product_tag":[],"class_list":{"0":"post-146508","1":"product","2":"type-product","3":"status-publish","4":"has-post-thumbnail","6":"product_cat-rokas-pistoles","8":"first","9":"onbackorder","10":"taxable","11":"shipping-taxable","12":"product-type-simple"},"acf":[],"_links":{"self":[{"href":"https:\/\/kingarms.ee\/lv\/wp-json\/wp\/v2\/product\/146508","targetHints":{"allow":["GET"]}}],"collection":[{"href":"https:\/\/kingarms.ee\/lv\/wp-json\/wp\/v2\/product"}],"about":[{"href":"https:\/\/kingarms.ee\/lv\/wp-json\/wp\/v2\/types\/product"}],"wp:featuredmedia":[{"embeddable":true,"href":"https:\/\/kingarms.ee\/lv\/wp-json\/wp\/v2\/media\/119774"}],"wp:attachment":[{"href":"https:\/\/kingarms.ee\/lv\/wp-json\/wp\/v2\/media?parent=146508"}],"wp:term":[{"taxonomy":"product_brand","embeddable":true,"href":"https:\/\/kingarms.ee\/lv\/wp-json\/wp\/v2\/product_brand?post=146508"},{"taxonomy":"product_cat","embeddable":true,"href":"https:\/\/kingarms.ee\/lv\/wp-json\/wp\/v2\/product_cat?post=146508"},{"taxonomy":"product_tag","embeddable":true,"href":"https:\/\/kingarms.ee\/lv\/wp-json\/wp\/v2\/product_tag?post=146508"}],"curies":[{"name":"wp","href":"https:\/\/api.w.org\/{rel}","templated":true}]}}