{"id":146510,"date":"2022-04-30T07:41:20","date_gmt":"2025-03-02T14:47:06","guid":{"rendered":"https:\/\/kingarms.ee\/product\/js-taktiska-boonie-cepure-multicam\/"},"modified":"2025-03-02T17:47:06","modified_gmt":"2025-03-02T14:47:06","slug":"js-taktiska-boonie-cepure-multicam","status":"publish","type":"product","link":"https:\/\/kingarms.ee\/lv\/product\/js-taktiska-boonie-cepure-multicam\/","title":{"rendered":"JS-TAKTISK\u0100 BOONIE CEPURE MULTICAM"},"content":{"rendered":"","protected":false},"excerpt":{"rendered":"<p>65% poliesters, 35% kokvilna<br \/>\n4 pret kukai\u0146u ventil\u0101cijas atveres<br \/>\nBand piederumi hooking<br \/>\nRegul\u0113\u0161ana elast\u012bga<\/p>\n","protected":false},"featured_media":118404,"template":"","meta":{"_acf_changed":false},"product_brand":[],"product_cat":[1091],"product_tag":[],"class_list":{"0":"post-146510","1":"product","2":"type-product","3":"status-publish","4":"has-post-thumbnail","6":"product_cat-balaklava-cepures","8":"first","9":"instock","10":"purchasable","11":"product-type-variable"},"acf":[],"_links":{"self":[{"href":"https:\/\/kingarms.ee\/lv\/wp-json\/wp\/v2\/product\/146510","targetHints":{"allow":["GET"]}}],"collection":[{"href":"https:\/\/kingarms.ee\/lv\/wp-json\/wp\/v2\/product"}],"about":[{"href":"https:\/\/kingarms.ee\/lv\/wp-json\/wp\/v2\/types\/product"}],"wp:featuredmedia":[{"embeddable":true,"href":"https:\/\/kingarms.ee\/lv\/wp-json\/wp\/v2\/media\/118404"}],"wp:attachment":[{"href":"https:\/\/kingarms.ee\/lv\/wp-json\/wp\/v2\/media?parent=146510"}],"wp:term":[{"taxonomy":"product_brand","embeddable":true,"href":"https:\/\/kingarms.ee\/lv\/wp-json\/wp\/v2\/product_brand?post=146510"},{"taxonomy":"product_cat","embeddable":true,"href":"https:\/\/kingarms.ee\/lv\/wp-json\/wp\/v2\/product_cat?post=146510"},{"taxonomy":"product_tag","embeddable":true,"href":"https:\/\/kingarms.ee\/lv\/wp-json\/wp\/v2\/product_tag?post=146510"}],"curies":[{"name":"wp","href":"https:\/\/api.w.org\/{rel}","templated":true}]}}