{"id":146526,"date":"2020-03-12T16:36:07","date_gmt":"2025-03-03T12:10:42","guid":{"rendered":"https:\/\/kingarms.ee\/product\/uguns-invertora-plaksne-g36\/"},"modified":"2025-03-03T15:10:42","modified_gmt":"2025-03-03T12:10:42","slug":"uguns-invertora-plaksne-g36","status":"publish","type":"product","link":"https:\/\/kingarms.ee\/lv\/product\/uguns-invertora-plaksne-g36\/","title":{"rendered":"Uguns invertora pl\u0101ksne G36<br><br>"},"content":{"rendered":"<p><a href=\"https:\/\/kingarms.ee\/wp-content\/uploads\/2020\/03\/1152195325_1-300x205.jpg\"><img loading=\"lazy\" decoding=\"async\" class=\"alignnone size-medium wp-image-26090\" src=\"https:\/\/kingarms.ee\/wp-content\/uploads\/2020\/03\/1152195325_1-300x205.jpg\" alt=\"\" width=\"300\" height=\"205\" srcset=\"https:\/\/kingarms.ee\/wp-content\/uploads\/2020\/03\/1152195325_1-300x205.jpg 300w, https:\/\/kingarms.ee\/wp-content\/uploads\/2020\/03\/1152195325_1-150x102.jpg 150w, https:\/\/kingarms.ee\/wp-content\/uploads\/2020\/03\/1152195325_1-500x341.jpg 500w, https:\/\/kingarms.ee\/wp-content\/uploads\/2020\/03\/1152195325_1.jpg 550w\" sizes=\"auto, (max-width: 300px) 100vw, 300px\" \/><\/a><\/p>\n","protected":false},"excerpt":{"rendered":"<p>Uguns invertora pl\u0101ksne G36 no ra\u017eot\u0101ja SHS.<\/p>\n","protected":false},"featured_media":112229,"template":"","meta":{"_acf_changed":false},"product_brand":[],"product_cat":[1129],"product_tag":[],"class_list":{"0":"post-146526","1":"product","2":"type-product","3":"status-publish","4":"has-post-thumbnail","6":"product_cat-rezerves-dalas","8":"first","9":"instock","10":"taxable","11":"shipping-taxable","12":"purchasable","13":"product-type-simple"},"acf":[],"_links":{"self":[{"href":"https:\/\/kingarms.ee\/lv\/wp-json\/wp\/v2\/product\/146526","targetHints":{"allow":["GET"]}}],"collection":[{"href":"https:\/\/kingarms.ee\/lv\/wp-json\/wp\/v2\/product"}],"about":[{"href":"https:\/\/kingarms.ee\/lv\/wp-json\/wp\/v2\/types\/product"}],"wp:featuredmedia":[{"embeddable":true,"href":"https:\/\/kingarms.ee\/lv\/wp-json\/wp\/v2\/media\/112229"}],"wp:attachment":[{"href":"https:\/\/kingarms.ee\/lv\/wp-json\/wp\/v2\/media?parent=146526"}],"wp:term":[{"taxonomy":"product_brand","embeddable":true,"href":"https:\/\/kingarms.ee\/lv\/wp-json\/wp\/v2\/product_brand?post=146526"},{"taxonomy":"product_cat","embeddable":true,"href":"https:\/\/kingarms.ee\/lv\/wp-json\/wp\/v2\/product_cat?post=146526"},{"taxonomy":"product_tag","embeddable":true,"href":"https:\/\/kingarms.ee\/lv\/wp-json\/wp\/v2\/product_tag?post=146526"}],"curies":[{"name":"wp","href":"https:\/\/api.w.org\/{rel}","templated":true}]}}