{"id":146530,"date":"2020-03-12T15:53:14","date_gmt":"2025-03-03T12:17:43","guid":{"rendered":"https:\/\/kingarms.ee\/product\/objektiva-tiritajs-abatija\/"},"modified":"2025-03-03T15:17:43","modified_gmt":"2025-03-03T12:17:43","slug":"objektiva-tiritajs-abatija","status":"publish","type":"product","link":"https:\/\/kingarms.ee\/lv\/product\/objektiva-tiritajs-abatija\/","title":{"rendered":"Objekt\u012bva t\u012br\u012bt\u0101js (abatija)<br><br>"},"content":{"rendered":"<p><a href=\"https:\/\/kingarms.ee\/wp-content\/uploads\/2020\/03\/1152197942_2-300x204.jpg\"><img loading=\"lazy\" decoding=\"async\" class=\"size-medium wp-image-26065\" src=\"https:\/\/kingarms.ee\/wp-content\/uploads\/2020\/03\/1152197942_2-300x204.jpg\" alt=\"\" width=\"300\" height=\"204\" srcset=\"https:\/\/kingarms.ee\/wp-content\/uploads\/2020\/03\/1152197942_2-300x204.jpg 300w, https:\/\/kingarms.ee\/wp-content\/uploads\/2020\/03\/1152197942_2-150x102.jpg 150w, https:\/\/kingarms.ee\/wp-content\/uploads\/2020\/03\/1152197942_2-500x341.jpg 500w, https:\/\/kingarms.ee\/wp-content\/uploads\/2020\/03\/1152197942_2-768x523.jpg 768w, https:\/\/kingarms.ee\/wp-content\/uploads\/2020\/03\/1152197942_2.jpg 800w\" sizes=\"auto, (max-width: 300px) 100vw, 300px\" \/><\/a><\/p>\n","protected":false},"excerpt":{"rendered":"<p>Objekt\u012bva t\u012br\u012bt\u0101js.<\/p>\n<p> Viss, kas jums j\u0101dara, ir to uzkl\u0101t, izmantojot aerosolu un noslauc\u012bt.<\/p>\n<p> Tas neatst\u0101j sv\u012btras, nav nepiecie\u0161ama pul\u0113\u0161ana.<\/p>\n<p> Tam ir antistatiskas \u012bpa\u0161\u012bbas.<\/p>\n","protected":false},"featured_media":112223,"template":"","meta":{"_acf_changed":false},"product_brand":[],"product_cat":[1085,1084],"product_tag":[],"class_list":{"0":"post-146530","1":"product","2":"type-product","3":"status-publish","4":"has-post-thumbnail","6":"product_cat-airsoft-brilles","7":"product_cat-ballistiskas-brilles","9":"first","10":"instock","11":"taxable","12":"shipping-taxable","13":"purchasable","14":"product-type-simple"},"acf":[],"_links":{"self":[{"href":"https:\/\/kingarms.ee\/lv\/wp-json\/wp\/v2\/product\/146530","targetHints":{"allow":["GET"]}}],"collection":[{"href":"https:\/\/kingarms.ee\/lv\/wp-json\/wp\/v2\/product"}],"about":[{"href":"https:\/\/kingarms.ee\/lv\/wp-json\/wp\/v2\/types\/product"}],"wp:featuredmedia":[{"embeddable":true,"href":"https:\/\/kingarms.ee\/lv\/wp-json\/wp\/v2\/media\/112223"}],"wp:attachment":[{"href":"https:\/\/kingarms.ee\/lv\/wp-json\/wp\/v2\/media?parent=146530"}],"wp:term":[{"taxonomy":"product_brand","embeddable":true,"href":"https:\/\/kingarms.ee\/lv\/wp-json\/wp\/v2\/product_brand?post=146530"},{"taxonomy":"product_cat","embeddable":true,"href":"https:\/\/kingarms.ee\/lv\/wp-json\/wp\/v2\/product_cat?post=146530"},{"taxonomy":"product_tag","embeddable":true,"href":"https:\/\/kingarms.ee\/lv\/wp-json\/wp\/v2\/product_tag?post=146530"}],"curies":[{"name":"wp","href":"https:\/\/api.w.org\/{rel}","templated":true}]}}