{"id":146532,"date":"2020-03-12T16:46:20","date_gmt":"2025-03-03T12:25:11","guid":{"rendered":"https:\/\/kingarms.ee\/product\/lipo-turvakott-electroriver\/"},"modified":"2025-03-03T15:25:11","modified_gmt":"2025-03-03T12:25:11","slug":"lipo-turvakott-electroriver","status":"publish","type":"product","link":"https:\/\/kingarms.ee\/lv\/product\/lipo-turvakott-electroriver\/","title":{"rendered":"LiPo turvakott ElectroRiver<br><br>"},"content":{"rendered":"<p><a href=\"https:\/\/kingarms.ee\/wp-content\/uploads\/2020\/03\/1152211297_1-300x200.jpg\"><img loading=\"lazy\" decoding=\"async\" class=\"alignnone size-medium wp-image-26032\" src=\"https:\/\/kingarms.ee\/wp-content\/uploads\/2020\/03\/1152211297_1-300x200.jpg\" alt=\"\" width=\"300\" height=\"200\" srcset=\"https:\/\/kingarms.ee\/wp-content\/uploads\/2020\/03\/1152211297_1-300x200.jpg 300w, https:\/\/kingarms.ee\/wp-content\/uploads\/2020\/03\/1152211297_1-150x100.jpg 150w, https:\/\/kingarms.ee\/wp-content\/uploads\/2020\/03\/1152211297_1-500x333.jpg 500w, https:\/\/kingarms.ee\/wp-content\/uploads\/2020\/03\/1152211297_1-768x512.jpg 768w, https:\/\/kingarms.ee\/wp-content\/uploads\/2020\/03\/1152211297_1.jpg 800w\" sizes=\"auto, (max-width: 300px) 100vw, 300px\" \/><\/a><\/p>\n","protected":false},"excerpt":{"rendered":"<p>LiPo turvakott ElectroRiver<\/p>\n<p>Li-Po baterijas ir delik\u0101tas un prasa r\u016bp\u012bgu apstr\u0101di.<\/p>\n<p> K\u0101 papildu dro\u0161\u012bbas l\u012bdzekli ieteicams uzl\u0101d\u0113t LiPo baterijas ugunsdro\u0161\u0101 maisi\u0146\u0101.<\/p>\n<p> Ja akumulators ir jebk\u0101d\u0101 veid\u0101 boj\u0101ts, uzl\u0101des laik\u0101 past\u0101v aizdeg\u0161an\u0101s risks.<\/p>\n<p> \u0160\u012b ugunsdro\u0161\u0101 soma nov\u0113r\u0161 iesp\u0113jamos boj\u0101jumus un nov\u0113r\u0161 akumulatora aizdeg\u0161anos.<\/p>\n<p> Piem\u0113rots ar\u012b LiPo akumulatora glab\u0101\u0161anai.<\/p>\n","protected":false},"featured_media":112215,"template":"","meta":{"_acf_changed":false},"product_brand":[],"product_cat":[1052],"product_tag":[],"class_list":{"0":"post-146532","1":"product","2":"type-product","3":"status-publish","4":"has-post-thumbnail","6":"product_cat-battoreses-un-ladetaji","8":"first","9":"onbackorder","10":"taxable","11":"shipping-taxable","12":"product-type-simple"},"acf":[],"_links":{"self":[{"href":"https:\/\/kingarms.ee\/lv\/wp-json\/wp\/v2\/product\/146532","targetHints":{"allow":["GET"]}}],"collection":[{"href":"https:\/\/kingarms.ee\/lv\/wp-json\/wp\/v2\/product"}],"about":[{"href":"https:\/\/kingarms.ee\/lv\/wp-json\/wp\/v2\/types\/product"}],"wp:featuredmedia":[{"embeddable":true,"href":"https:\/\/kingarms.ee\/lv\/wp-json\/wp\/v2\/media\/112215"}],"wp:attachment":[{"href":"https:\/\/kingarms.ee\/lv\/wp-json\/wp\/v2\/media?parent=146532"}],"wp:term":[{"taxonomy":"product_brand","embeddable":true,"href":"https:\/\/kingarms.ee\/lv\/wp-json\/wp\/v2\/product_brand?post=146532"},{"taxonomy":"product_cat","embeddable":true,"href":"https:\/\/kingarms.ee\/lv\/wp-json\/wp\/v2\/product_cat?post=146532"},{"taxonomy":"product_tag","embeddable":true,"href":"https:\/\/kingarms.ee\/lv\/wp-json\/wp\/v2\/product_tag?post=146532"}],"curies":[{"name":"wp","href":"https:\/\/api.w.org\/{rel}","templated":true}]}}