{"id":146540,"date":"2020-03-10T16:25:13","date_gmt":"2025-03-03T12:45:23","guid":{"rendered":"https:\/\/kingarms.ee\/product\/mk1-summuti-g-amp-g\/"},"modified":"2025-03-03T15:45:23","modified_gmt":"2025-03-03T12:45:23","slug":"mk1-summuti-g-amp-g","status":"publish","type":"product","link":"https:\/\/kingarms.ee\/lv\/product\/mk1-summuti-g-amp-g\/","title":{"rendered":"MK1 summuti (G &amp; amp; G)<br><br>"},"content":{"rendered":"<p><a href=\"https:\/\/kingarms.ee\/wp-content\/uploads\/2020\/03\/gg-mock-suppressor-goms-mk1-g01054-300x300.jpg\"><img loading=\"lazy\" decoding=\"async\" class=\"alignnone size-medium wp-image-25922\" src=\"https:\/\/kingarms.ee\/wp-content\/uploads\/2020\/03\/gg-mock-suppressor-goms-mk1-g01054-300x300.jpg\" alt=\"\" width=\"300\" height=\"300\" srcset=\"https:\/\/kingarms.ee\/wp-content\/uploads\/2020\/03\/gg-mock-suppressor-goms-mk1-g01054-300x300.jpg 300w, https:\/\/kingarms.ee\/wp-content\/uploads\/2020\/03\/gg-mock-suppressor-goms-mk1-g01054-150x150.jpg 150w, https:\/\/kingarms.ee\/wp-content\/uploads\/2020\/03\/gg-mock-suppressor-goms-mk1-g01054.jpg 500w\" sizes=\"auto, (max-width: 300px) 100vw, 300px\" \/><\/a><\/p>\n","protected":false},"excerpt":{"rendered":"<p>IZSP\u0112LES SL\u0100P\u0112T\u0100JS GOMS MK1<\/p>\n<p>Izgatavots no met\u0101la<\/p>\n<p>V\u012btnes izm\u0113rs 14 mm (piem\u0113rots gandr\u012bz visiem iero\u010diem)<\/p>\n<p>Garums 205mm<\/p>\n<p>Svars 230g<\/p>\n","protected":false},"featured_media":112185,"template":"","meta":{"_acf_changed":false},"product_brand":[],"product_cat":[1113],"product_tag":[],"class_list":{"0":"post-146540","1":"product","2":"type-product","3":"status-publish","4":"has-post-thumbnail","6":"product_cat-troksna-slapetaji","8":"first","9":"onbackorder","10":"taxable","11":"shipping-taxable","12":"product-type-simple"},"acf":[],"_links":{"self":[{"href":"https:\/\/kingarms.ee\/lv\/wp-json\/wp\/v2\/product\/146540","targetHints":{"allow":["GET"]}}],"collection":[{"href":"https:\/\/kingarms.ee\/lv\/wp-json\/wp\/v2\/product"}],"about":[{"href":"https:\/\/kingarms.ee\/lv\/wp-json\/wp\/v2\/types\/product"}],"wp:featuredmedia":[{"embeddable":true,"href":"https:\/\/kingarms.ee\/lv\/wp-json\/wp\/v2\/media\/112185"}],"wp:attachment":[{"href":"https:\/\/kingarms.ee\/lv\/wp-json\/wp\/v2\/media?parent=146540"}],"wp:term":[{"taxonomy":"product_brand","embeddable":true,"href":"https:\/\/kingarms.ee\/lv\/wp-json\/wp\/v2\/product_brand?post=146540"},{"taxonomy":"product_cat","embeddable":true,"href":"https:\/\/kingarms.ee\/lv\/wp-json\/wp\/v2\/product_cat?post=146540"},{"taxonomy":"product_tag","embeddable":true,"href":"https:\/\/kingarms.ee\/lv\/wp-json\/wp\/v2\/product_tag?post=146540"}],"curies":[{"name":"wp","href":"https:\/\/api.w.org\/{rel}","templated":true}]}}