{"id":146549,"date":"2019-07-29T23:03:53","date_gmt":"2025-03-03T13:29:29","guid":{"rendered":"https:\/\/kingarms.ee\/product\/tulekahju-inverter-plaat-v2-shs\/"},"modified":"2025-03-03T16:29:29","modified_gmt":"2025-03-03T13:29:29","slug":"tulekahju-inverter-plaat-v2-shs","status":"publish","type":"product","link":"https:\/\/kingarms.ee\/lv\/product\/tulekahju-inverter-plaat-v2-shs\/","title":{"rendered":"Tulekahju inverter plaat V2 (SHS)<br><br>"},"content":{"rendered":"<p><a href=\"https:\/\/kingarms.ee\/wp-content\/uploads\/2019\/07\/1152207619_1-300x200.jpg\"><img loading=\"lazy\" decoding=\"async\" class=\"alignnone size-medium wp-image-17762\" src=\"https:\/\/kingarms.ee\/wp-content\/uploads\/2019\/07\/1152207619_1-300x200.jpg\" alt=\"\" width=\"300\" height=\"200\" srcset=\"https:\/\/kingarms.ee\/wp-content\/uploads\/2019\/07\/1152207619_1-300x200.jpg 300w, https:\/\/kingarms.ee\/wp-content\/uploads\/2019\/07\/1152207619_1-150x100.jpg 150w, https:\/\/kingarms.ee\/wp-content\/uploads\/2019\/07\/1152207619_1-500x333.jpg 500w, https:\/\/kingarms.ee\/wp-content\/uploads\/2019\/07\/1152207619_1-768x512.jpg 768w, https:\/\/kingarms.ee\/wp-content\/uploads\/2019\/07\/1152207619_1.jpg 800w\" sizes=\"auto, (max-width: 300px) 100vw, 300px\" \/><\/a><\/p>\n","protected":false},"excerpt":{"rendered":"<p>Tulekahju inverter plaat V2 (SHS)<\/p>\n<p>Tule\u00fcmberseaduri plaat (uguns re\u017e\u012bma selektora pl\u0101ksne) v2 P\u0101rnesumk\u0101rba tootjalt SHS.<\/p>\n","protected":false},"featured_media":110889,"template":"","meta":{"_acf_changed":false},"product_brand":[],"product_cat":[1107,1129],"product_tag":[],"class_list":{"0":"post-146549","1":"product","2":"type-product","3":"status-publish","4":"has-post-thumbnail","6":"product_cat-noregulesana","7":"product_cat-rezerves-dalas","9":"first","10":"instock","11":"taxable","12":"shipping-taxable","13":"purchasable","14":"product-type-simple"},"acf":[],"_links":{"self":[{"href":"https:\/\/kingarms.ee\/lv\/wp-json\/wp\/v2\/product\/146549","targetHints":{"allow":["GET"]}}],"collection":[{"href":"https:\/\/kingarms.ee\/lv\/wp-json\/wp\/v2\/product"}],"about":[{"href":"https:\/\/kingarms.ee\/lv\/wp-json\/wp\/v2\/types\/product"}],"wp:featuredmedia":[{"embeddable":true,"href":"https:\/\/kingarms.ee\/lv\/wp-json\/wp\/v2\/media\/110889"}],"wp:attachment":[{"href":"https:\/\/kingarms.ee\/lv\/wp-json\/wp\/v2\/media?parent=146549"}],"wp:term":[{"taxonomy":"product_brand","embeddable":true,"href":"https:\/\/kingarms.ee\/lv\/wp-json\/wp\/v2\/product_brand?post=146549"},{"taxonomy":"product_cat","embeddable":true,"href":"https:\/\/kingarms.ee\/lv\/wp-json\/wp\/v2\/product_cat?post=146549"},{"taxonomy":"product_tag","embeddable":true,"href":"https:\/\/kingarms.ee\/lv\/wp-json\/wp\/v2\/product_tag?post=146549"}],"curies":[{"name":"wp","href":"https:\/\/api.w.org\/{rel}","templated":true}]}}