{"id":146551,"date":"2019-07-29T22:45:39","date_gmt":"2025-03-03T13:36:20","guid":{"rendered":"https:\/\/kingarms.ee\/product\/augsta-griezes-momenta-motors-gars-tornado\/"},"modified":"2025-03-03T16:36:20","modified_gmt":"2025-03-03T13:36:20","slug":"augsta-griezes-momenta-motors-gars-tornado","status":"publish","type":"product","link":"https:\/\/kingarms.ee\/lv\/product\/augsta-griezes-momenta-motors-gars-tornado\/","title":{"rendered":"Augsta griezes momenta motors (gar\u0161) &#8211; Tornado<br><br>"},"content":{"rendered":"<p><a href=\"https:\/\/kingarms.ee\/wp-content\/uploads\/2019\/07\/171926_1-300x200.jpg\"><img loading=\"lazy\" decoding=\"async\" class=\"alignnone size-medium wp-image-17744\" src=\"https:\/\/kingarms.ee\/wp-content\/uploads\/2019\/07\/171926_1-300x200.jpg\" alt=\"\" width=\"300\" height=\"200\" srcset=\"https:\/\/kingarms.ee\/wp-content\/uploads\/2019\/07\/171926_1-300x200.jpg 300w, https:\/\/kingarms.ee\/wp-content\/uploads\/2019\/07\/171926_1-150x100.jpg 150w, https:\/\/kingarms.ee\/wp-content\/uploads\/2019\/07\/171926_1-500x333.jpg 500w, https:\/\/kingarms.ee\/wp-content\/uploads\/2019\/07\/171926_1-768x512.jpg 768w, https:\/\/kingarms.ee\/wp-content\/uploads\/2019\/07\/171926_1.jpg 800w\" sizes=\"auto, (max-width: 300px) 100vw, 300px\" \/><\/a><\/p>\n","protected":false},"excerpt":{"rendered":"<p>Augsta griezes momenta motors (gar\u0161) &#8211; Tornado<\/p>\n<p>Gar\u0161 tipa augsta griezes momenta dzin\u0113js no ra\u017eot\u0101ja Tornado.<\/p>\n<p> Motors ar lielu griezes momentu padara j\u016bsu ieroci iztur\u012bg\u0101ku, \u013cauj uzst\u0101d\u012bt stipr\u0101kas atsperes.<\/p>\n","protected":false},"featured_media":110883,"template":"","meta":{"_acf_changed":false},"product_brand":[],"product_cat":[1107,1129],"product_tag":[],"class_list":{"0":"post-146551","1":"product","2":"type-product","3":"status-publish","4":"has-post-thumbnail","6":"product_cat-noregulesana","7":"product_cat-rezerves-dalas","9":"first","10":"instock","11":"taxable","12":"shipping-taxable","13":"purchasable","14":"product-type-simple"},"acf":[],"_links":{"self":[{"href":"https:\/\/kingarms.ee\/lv\/wp-json\/wp\/v2\/product\/146551","targetHints":{"allow":["GET"]}}],"collection":[{"href":"https:\/\/kingarms.ee\/lv\/wp-json\/wp\/v2\/product"}],"about":[{"href":"https:\/\/kingarms.ee\/lv\/wp-json\/wp\/v2\/types\/product"}],"wp:featuredmedia":[{"embeddable":true,"href":"https:\/\/kingarms.ee\/lv\/wp-json\/wp\/v2\/media\/110883"}],"wp:attachment":[{"href":"https:\/\/kingarms.ee\/lv\/wp-json\/wp\/v2\/media?parent=146551"}],"wp:term":[{"taxonomy":"product_brand","embeddable":true,"href":"https:\/\/kingarms.ee\/lv\/wp-json\/wp\/v2\/product_brand?post=146551"},{"taxonomy":"product_cat","embeddable":true,"href":"https:\/\/kingarms.ee\/lv\/wp-json\/wp\/v2\/product_cat?post=146551"},{"taxonomy":"product_tag","embeddable":true,"href":"https:\/\/kingarms.ee\/lv\/wp-json\/wp\/v2\/product_tag?post=146551"}],"curies":[{"name":"wp","href":"https:\/\/api.w.org\/{rel}","templated":true}]}}