{"id":146566,"date":"2019-07-24T20:18:08","date_gmt":"2025-03-03T15:26:24","guid":{"rendered":"https:\/\/kingarms.ee\/product\/hop-up-kumm-50-vsr-10-gbb\/"},"modified":"2025-03-03T18:26:24","modified_gmt":"2025-03-03T15:26:24","slug":"hop-up-kumm-50-vsr-10-gbb","status":"publish","type":"product","link":"https:\/\/kingarms.ee\/lv\/product\/hop-up-kumm-50-vsr-10-gbb\/","title":{"rendered":"Hop up kumm 50\u00b0 VSR-10 &amp; GBB<br><br>"},"content":{"rendered":"<p><a href=\"https:\/\/kingarms.ee\/wp-content\/uploads\/2019\/07\/maple-leaf-autobot-bucking-50-300x200.jpg\"><img loading=\"lazy\" decoding=\"async\" class=\"alignnone size-medium wp-image-17134\" src=\"https:\/\/kingarms.ee\/wp-content\/uploads\/2019\/07\/maple-leaf-autobot-bucking-50-300x200.jpg\" alt=\"\" width=\"300\" height=\"200\" srcset=\"https:\/\/kingarms.ee\/wp-content\/uploads\/2019\/07\/maple-leaf-autobot-bucking-50-300x200.jpg 300w, https:\/\/kingarms.ee\/wp-content\/uploads\/2019\/07\/maple-leaf-autobot-bucking-50-150x100.jpg 150w, https:\/\/kingarms.ee\/wp-content\/uploads\/2019\/07\/maple-leaf-autobot-bucking-50-500x333.jpg 500w, https:\/\/kingarms.ee\/wp-content\/uploads\/2019\/07\/maple-leaf-autobot-bucking-50-768x512.jpg 768w, https:\/\/kingarms.ee\/wp-content\/uploads\/2019\/07\/maple-leaf-autobot-bucking-50.jpg 1024w\" sizes=\"auto, (max-width: 300px) 100vw, 300px\" \/><\/a><\/p>\n","protected":false},"excerpt":{"rendered":"<p>Hop up kumm 50\u00b0 VSR-10 &amp; GBB<\/p>\n<p>Hop-up gumijas Autobot 50.VSR tipa m\u012bksts no Maple Leaf, Taiv\u0101na.<\/p>\n<p>Izgatavots no gumijas.<\/p>\n<p>Sobib paigaldamiseks TM \/ Cimsa VSR &#8211; 10 ja GBB p\u00fcstolitele ja vintp\u00fcssidele, mis par ehitatud vastavalt Maruyevi skeemile: m\u0113s, KJW.<\/p>\n<p>Paredz\u0113ts \u0161auten\u0113m un pistol\u0113m ar s\u0101kotn\u0113jo \u0101trumu 90-110 m \/ s<\/p>\n","protected":false},"featured_media":110667,"template":"","meta":{"_acf_changed":false},"product_brand":[],"product_cat":[1107],"product_tag":[],"class_list":{"0":"post-146566","1":"product","2":"type-product","3":"status-publish","4":"has-post-thumbnail","6":"product_cat-noregulesana","8":"first","9":"instock","10":"taxable","11":"shipping-taxable","12":"purchasable","13":"product-type-simple"},"acf":[],"_links":{"self":[{"href":"https:\/\/kingarms.ee\/lv\/wp-json\/wp\/v2\/product\/146566","targetHints":{"allow":["GET"]}}],"collection":[{"href":"https:\/\/kingarms.ee\/lv\/wp-json\/wp\/v2\/product"}],"about":[{"href":"https:\/\/kingarms.ee\/lv\/wp-json\/wp\/v2\/types\/product"}],"wp:featuredmedia":[{"embeddable":true,"href":"https:\/\/kingarms.ee\/lv\/wp-json\/wp\/v2\/media\/110667"}],"wp:attachment":[{"href":"https:\/\/kingarms.ee\/lv\/wp-json\/wp\/v2\/media?parent=146566"}],"wp:term":[{"taxonomy":"product_brand","embeddable":true,"href":"https:\/\/kingarms.ee\/lv\/wp-json\/wp\/v2\/product_brand?post=146566"},{"taxonomy":"product_cat","embeddable":true,"href":"https:\/\/kingarms.ee\/lv\/wp-json\/wp\/v2\/product_cat?post=146566"},{"taxonomy":"product_tag","embeddable":true,"href":"https:\/\/kingarms.ee\/lv\/wp-json\/wp\/v2\/product_tag?post=146566"}],"curies":[{"name":"wp","href":"https:\/\/api.w.org\/{rel}","templated":true}]}}