{"id":146568,"date":"2019-07-24T02:39:14","date_gmt":"2025-03-03T15:32:53","guid":{"rendered":"https:\/\/kingarms.ee\/product\/mp40-kwc\/"},"modified":"2025-03-03T18:32:53","modified_gmt":"2025-03-03T15:32:53","slug":"mp40-kwc","status":"publish","type":"product","link":"https:\/\/kingarms.ee\/lv\/product\/mp40-kwc\/","title":{"rendered":"MP40 (KWC)<br><br>"},"content":{"rendered":"<p><a href=\"https:\/\/kingarms.ee\/wp-content\/uploads\/2019\/07\/TF33-C8009-11-300x225.jpg\"><img loading=\"lazy\" decoding=\"async\" class=\"alignnone size-medium wp-image-17105\" src=\"https:\/\/kingarms.ee\/wp-content\/uploads\/2019\/07\/TF33-C8009-11-300x225.jpg\" alt=\"\" width=\"300\" height=\"225\" srcset=\"https:\/\/kingarms.ee\/wp-content\/uploads\/2019\/07\/TF33-C8009-11-300x225.jpg 300w, https:\/\/kingarms.ee\/wp-content\/uploads\/2019\/07\/TF33-C8009-11-150x113.jpg 150w, https:\/\/kingarms.ee\/wp-content\/uploads\/2019\/07\/TF33-C8009-11-500x375.jpg 500w, https:\/\/kingarms.ee\/wp-content\/uploads\/2019\/07\/TF33-C8009-11-600x450.jpg 600w, https:\/\/kingarms.ee\/wp-content\/uploads\/2019\/07\/TF33-C8009-11.jpg 640w\" sizes=\"auto, (max-width: 300px) 100vw, 300px\" \/><\/a><\/p>\n","protected":false},"excerpt":{"rendered":"<p>MP40 (KWC)<\/p>\n<p>\u0160is ierocis ir izgatavots no polim\u0113ra, alum\u012bnija un met\u0101la.<\/p>\n<p>R\u0101mis un kamanas ir izgatavotas no polim\u0113ra, atloks ir fiks\u0113ts &#8211; ierocim nav atsitiena, t\u0101p\u0113c tas ir \u0101rk\u0101rt\u012bgi iztur\u012bgs un nav d\u0101rgs CO2 kapsul\u0101s.<\/p>\n<p>Re\u0101listisks ierocis (1: 1 kopija \u0161aujamierocim)<\/p>\n<p>Ierocis ir r\u0101v\u0113jsl\u0113dz\u0113js, un t\u0101 r\u0101m\u012b ir unik\u0101ls s\u0113rijas numurs.<\/p>\n","protected":false},"featured_media":110659,"template":"","meta":{"_acf_changed":false},"product_brand":[],"product_cat":[1000],"product_tag":[],"class_list":{"0":"post-146568","1":"product","2":"type-product","3":"status-publish","4":"has-post-thumbnail","6":"product_cat-rokas-pistoles","8":"first","9":"instock","10":"taxable","11":"shipping-taxable","12":"purchasable","13":"product-type-simple"},"acf":[],"_links":{"self":[{"href":"https:\/\/kingarms.ee\/lv\/wp-json\/wp\/v2\/product\/146568","targetHints":{"allow":["GET"]}}],"collection":[{"href":"https:\/\/kingarms.ee\/lv\/wp-json\/wp\/v2\/product"}],"about":[{"href":"https:\/\/kingarms.ee\/lv\/wp-json\/wp\/v2\/types\/product"}],"wp:featuredmedia":[{"embeddable":true,"href":"https:\/\/kingarms.ee\/lv\/wp-json\/wp\/v2\/media\/110659"}],"wp:attachment":[{"href":"https:\/\/kingarms.ee\/lv\/wp-json\/wp\/v2\/media?parent=146568"}],"wp:term":[{"taxonomy":"product_brand","embeddable":true,"href":"https:\/\/kingarms.ee\/lv\/wp-json\/wp\/v2\/product_brand?post=146568"},{"taxonomy":"product_cat","embeddable":true,"href":"https:\/\/kingarms.ee\/lv\/wp-json\/wp\/v2\/product_cat?post=146568"},{"taxonomy":"product_tag","embeddable":true,"href":"https:\/\/kingarms.ee\/lv\/wp-json\/wp\/v2\/product_tag?post=146568"}],"curies":[{"name":"wp","href":"https:\/\/api.w.org\/{rel}","templated":true}]}}