{"id":146570,"date":"2019-07-24T02:10:35","date_gmt":"2025-03-03T15:43:48","guid":{"rendered":"https:\/\/kingarms.ee\/product\/taktiskas-brilles-ar-cemodanu-melna-fma\/"},"modified":"2025-03-03T18:43:48","modified_gmt":"2025-03-03T15:43:48","slug":"taktiskas-brilles-ar-cemodanu-melna-fma","status":"publish","type":"product","link":"https:\/\/kingarms.ee\/lv\/product\/taktiskas-brilles-ar-cemodanu-melna-fma\/","title":{"rendered":"Taktisk\u0101s brilles ar \u010demod\u0101nu-Melna (FMA)<br><br>"},"content":{"rendered":"<p><a href=\"https:\/\/kingarms.ee\/wp-content\/uploads\/2019\/07\/TB4214-300x225.jpg\"><img loading=\"lazy\" decoding=\"async\" class=\"alignnone size-medium wp-image-17066\" src=\"https:\/\/kingarms.ee\/wp-content\/uploads\/2019\/07\/TB4214-300x225.jpg\" alt=\"\" width=\"300\" height=\"225\" srcset=\"https:\/\/kingarms.ee\/wp-content\/uploads\/2019\/07\/TB4214-300x225.jpg 300w, https:\/\/kingarms.ee\/wp-content\/uploads\/2019\/07\/TB4214-150x113.jpg 150w, https:\/\/kingarms.ee\/wp-content\/uploads\/2019\/07\/TB4214-500x375.jpg 500w, https:\/\/kingarms.ee\/wp-content\/uploads\/2019\/07\/TB4214-600x450.jpg 600w, https:\/\/kingarms.ee\/wp-content\/uploads\/2019\/07\/TB4214.jpg 640w\" sizes=\"auto, (max-width: 300px) 100vw, 300px\" \/><\/a><\/p>\n","protected":false},"excerpt":{"rendered":"<p>Taktisk\u0101s brilles ar \u010demod\u0101nu-Melna (FMA)<\/p>\n<p>\u0112rti aizsargbrilles, ko ra\u017eo FMA uz\u0146\u0113mums.<\/p>\n<p> Modelis ir p\u0101rkl\u0101ts ar \u012bpa\u0161u putu materi\u0101lu no iek\u0161puses, lai aizsargbrilles b\u016btu noteikt\u0101 st\u0101vokl\u012b pret seju.<\/p>\n<p> Savietojams ar \u0101tri \/ MICH \u0136iveres.<\/p>\n<p> Satur 2 polikarbon\u0101ta l\u0113cas (caursp\u012bd\u012bgas, ton\u0113tas) ar biezumu 2,4 mm, kas nodro\u0161ina lielisku aizsardz\u012bbu.<\/p>\n<p><span style=\"color: #ff0000;\">NB!<\/p>\n<p> Produkts nav ballistiska acu aizsardz\u012bba, un t\u0101 izmanto\u0161ana \u0161im nol\u016bkam nav sader\u012bga ar paredz\u0113to lietojumu.<\/p>\n<p>P\u0101rdev\u0113js un ra\u017eot\u0101js nav atbild\u012bgi par produkta lieto\u0161anu, lai aizsarg\u0101tu lietot\u0101ja acis airsoft sp\u0113l\u0113s, izmantojot airsoft kopijas.<\/p>\n<p> Tas attiecas ar\u012b uz iesp\u0113jam\u0101m vesel\u012bbas probl\u0113m\u0101m vai \u012bpa\u0161uma boj\u0101jumiem lietot\u0101jam, un s\u016bdz\u012bba par produktu neattiecas.<\/p>\n<p><\/span><\/p>\n","protected":false},"featured_media":110637,"template":"","meta":{"_acf_changed":false},"product_brand":[],"product_cat":[1085],"product_tag":[],"class_list":{"0":"post-146570","1":"product","2":"type-product","3":"status-publish","4":"has-post-thumbnail","6":"product_cat-airsoft-brilles","8":"first","9":"instock","10":"taxable","11":"shipping-taxable","12":"purchasable","13":"product-type-simple"},"acf":[],"_links":{"self":[{"href":"https:\/\/kingarms.ee\/lv\/wp-json\/wp\/v2\/product\/146570","targetHints":{"allow":["GET"]}}],"collection":[{"href":"https:\/\/kingarms.ee\/lv\/wp-json\/wp\/v2\/product"}],"about":[{"href":"https:\/\/kingarms.ee\/lv\/wp-json\/wp\/v2\/types\/product"}],"wp:featuredmedia":[{"embeddable":true,"href":"https:\/\/kingarms.ee\/lv\/wp-json\/wp\/v2\/media\/110637"}],"wp:attachment":[{"href":"https:\/\/kingarms.ee\/lv\/wp-json\/wp\/v2\/media?parent=146570"}],"wp:term":[{"taxonomy":"product_brand","embeddable":true,"href":"https:\/\/kingarms.ee\/lv\/wp-json\/wp\/v2\/product_brand?post=146570"},{"taxonomy":"product_cat","embeddable":true,"href":"https:\/\/kingarms.ee\/lv\/wp-json\/wp\/v2\/product_cat?post=146570"},{"taxonomy":"product_tag","embeddable":true,"href":"https:\/\/kingarms.ee\/lv\/wp-json\/wp\/v2\/product_tag?post=146570"}],"curies":[{"name":"wp","href":"https:\/\/api.w.org\/{rel}","templated":true}]}}