{"id":146574,"date":"2019-07-24T01:16:19","date_gmt":"2025-03-03T16:03:50","guid":{"rendered":"https:\/\/kingarms.ee\/product\/g17-g19-g18-kabuur\/"},"modified":"2025-03-03T19:03:50","modified_gmt":"2025-03-03T16:03:50","slug":"g17-g19-g18-kabuur","status":"publish","type":"product","link":"https:\/\/kingarms.ee\/lv\/product\/g17-g19-g18-kabuur\/","title":{"rendered":"G17\/G19 \/ G18 kabuur<br><br>"},"content":{"rendered":"<p><a href=\"https:\/\/kingarms.ee\/wp-content\/uploads\/2019\/07\/AM-GAG1-300x225.jpg\"><img loading=\"lazy\" decoding=\"async\" class=\"alignnone size-medium wp-image-16984\" src=\"https:\/\/kingarms.ee\/wp-content\/uploads\/2019\/07\/AM-GAG1-300x225.jpg\" alt=\"\" width=\"300\" height=\"225\" srcset=\"https:\/\/kingarms.ee\/wp-content\/uploads\/2019\/07\/AM-GAG1-300x225.jpg 300w, https:\/\/kingarms.ee\/wp-content\/uploads\/2019\/07\/AM-GAG1-150x113.jpg 150w, https:\/\/kingarms.ee\/wp-content\/uploads\/2019\/07\/AM-GAG1-500x375.jpg 500w, https:\/\/kingarms.ee\/wp-content\/uploads\/2019\/07\/AM-GAG1-600x450.jpg 600w, https:\/\/kingarms.ee\/wp-content\/uploads\/2019\/07\/AM-GAG1.jpg 640w\" sizes=\"auto, (max-width: 300px) 100vw, 300px\" \/><\/a><\/p>\n","protected":false},"excerpt":{"rendered":"<p>G17\/G19 \/ G18 kabuur<\/p>\n<p>Piem\u0113rots G17 \/ G19 \/ G18 tipa pistoles plastmasas maksts no cytac ra\u017eot\u0101ja.<\/p>\n<p> Maci\u0146am ir pirkstu Sl\u0113dzene ar pogu.<\/p>\n<p> Piestiprin\u0101ts pie jostas vai siksnas.<\/p>\n<p> Maci\u0146u var noregul\u0113t p\u0113c vajadz\u012bbas un pagriezt par 360*.<\/p>\n","protected":false},"featured_media":110597,"template":"","meta":{"_acf_changed":false},"product_brand":[],"product_cat":[1026],"product_tag":[],"class_list":{"0":"post-146574","1":"product","2":"type-product","3":"status-publish","4":"has-post-thumbnail","6":"product_cat-barkstisti","8":"first","9":"onbackorder","10":"taxable","11":"shipping-taxable","12":"product-type-simple"},"acf":[],"_links":{"self":[{"href":"https:\/\/kingarms.ee\/lv\/wp-json\/wp\/v2\/product\/146574","targetHints":{"allow":["GET"]}}],"collection":[{"href":"https:\/\/kingarms.ee\/lv\/wp-json\/wp\/v2\/product"}],"about":[{"href":"https:\/\/kingarms.ee\/lv\/wp-json\/wp\/v2\/types\/product"}],"wp:featuredmedia":[{"embeddable":true,"href":"https:\/\/kingarms.ee\/lv\/wp-json\/wp\/v2\/media\/110597"}],"wp:attachment":[{"href":"https:\/\/kingarms.ee\/lv\/wp-json\/wp\/v2\/media?parent=146574"}],"wp:term":[{"taxonomy":"product_brand","embeddable":true,"href":"https:\/\/kingarms.ee\/lv\/wp-json\/wp\/v2\/product_brand?post=146574"},{"taxonomy":"product_cat","embeddable":true,"href":"https:\/\/kingarms.ee\/lv\/wp-json\/wp\/v2\/product_cat?post=146574"},{"taxonomy":"product_tag","embeddable":true,"href":"https:\/\/kingarms.ee\/lv\/wp-json\/wp\/v2\/product_tag?post=146574"}],"curies":[{"name":"wp","href":"https:\/\/api.w.org\/{rel}","templated":true}]}}