{"id":146604,"date":"2020-03-04T17:11:58","date_gmt":"2025-03-07T15:31:36","guid":{"rendered":"https:\/\/kingarms.ee\/product\/stardipustol-ppk-8mm-bruni\/"},"modified":"2025-03-07T18:31:36","modified_gmt":"2025-03-07T15:31:36","slug":"stardipustol-ppk-8mm-bruni","status":"publish","type":"product","link":"https:\/\/kingarms.ee\/lv\/product\/stardipustol-ppk-8mm-bruni\/","title":{"rendered":"Stardip\u00fcstol PPK 8mm (Bruni)<br><br>"},"content":{"rendered":"<p><img loading=\"lazy\" decoding=\"async\" class=\"alignnone size-medium wp-image-31575\" src=\"https:\/\/kingarms.ee\/wp-content\/uploads\/2020\/03\/img_4103_143252new-police-8mm-300x261.jpg\" alt=\"\" width=\"300\" height=\"261\" srcset=\"https:\/\/kingarms.ee\/wp-content\/uploads\/2020\/03\/img_4103_143252new-police-8mm-300x261.jpg 300w, https:\/\/kingarms.ee\/wp-content\/uploads\/2020\/03\/img_4103_143252new-police-8mm-150x130.jpg 150w, https:\/\/kingarms.ee\/wp-content\/uploads\/2020\/03\/img_4103_143252new-police-8mm-500x435.jpg 500w, https:\/\/kingarms.ee\/wp-content\/uploads\/2020\/03\/img_4103_143252new-police-8mm-1024x891.jpg 1024w, https:\/\/kingarms.ee\/wp-content\/uploads\/2020\/03\/img_4103_143252new-police-8mm-768x668.jpg 768w, https:\/\/kingarms.ee\/wp-content\/uploads\/2020\/03\/img_4103_143252new-police-8mm.jpg 1304w\" sizes=\"auto, (max-width: 300px) 100vw, 300px\" \/><\/p>\n","protected":false},"excerpt":{"rendered":"<p>Stardip\u00fcstol PPK 8mm (Bruni)<\/p>\n<p>Ra\u017eot\u0101js: BRUNI<\/p>\n<p>100% PPK iero\u010da kopija<\/p>\n<p>Izgatavots no met\u0101la un t\u0113rauda.<\/p>\n<p>Papl\u0101te ar 7 k\u0101rtrid\u017eiem<\/p>\n<p>Kalibrs 8mm<\/p>\n<p>Pusautom\u0101tisk\u0101<\/p>\n<p>Garums 155mm<\/p>\n<p>Svars 720g<\/p>\n<div>\n<p>Produkta Galvot\u0101d\u017es 3 g Gadus un coress Uztur\u0113\u0161anas laik\u0101 Bezkkkk<\/p>\n<\/div>\n","protected":false},"featured_media":152495,"template":"","meta":{"_acf_changed":false},"product_brand":[],"product_cat":[1010],"product_tag":[],"class_list":{"0":"post-146604","1":"product","2":"type-product","3":"status-publish","4":"has-post-thumbnail","6":"product_cat-starta-pistoles","8":"first","9":"onbackorder","10":"taxable","11":"shipping-taxable","12":"product-type-simple"},"acf":[],"_links":{"self":[{"href":"https:\/\/kingarms.ee\/lv\/wp-json\/wp\/v2\/product\/146604","targetHints":{"allow":["GET"]}}],"collection":[{"href":"https:\/\/kingarms.ee\/lv\/wp-json\/wp\/v2\/product"}],"about":[{"href":"https:\/\/kingarms.ee\/lv\/wp-json\/wp\/v2\/types\/product"}],"wp:featuredmedia":[{"embeddable":true,"href":"https:\/\/kingarms.ee\/lv\/wp-json\/wp\/v2\/media\/152495"}],"wp:attachment":[{"href":"https:\/\/kingarms.ee\/lv\/wp-json\/wp\/v2\/media?parent=146604"}],"wp:term":[{"taxonomy":"product_brand","embeddable":true,"href":"https:\/\/kingarms.ee\/lv\/wp-json\/wp\/v2\/product_brand?post=146604"},{"taxonomy":"product_cat","embeddable":true,"href":"https:\/\/kingarms.ee\/lv\/wp-json\/wp\/v2\/product_cat?post=146604"},{"taxonomy":"product_tag","embeddable":true,"href":"https:\/\/kingarms.ee\/lv\/wp-json\/wp\/v2\/product_tag?post=146604"}],"curies":[{"name":"wp","href":"https:\/\/api.w.org\/{rel}","templated":true}]}}