{"id":146610,"date":"2020-03-03T14:24:48","date_gmt":"2025-03-07T16:04:04","guid":{"rendered":"https:\/\/kingarms.ee\/product\/pistoles-paliktna-kabata-besa\/"},"modified":"2025-03-07T19:04:04","modified_gmt":"2025-03-07T16:04:04","slug":"pistoles-paliktna-kabata-besa","status":"publish","type":"product","link":"https:\/\/kingarms.ee\/lv\/product\/pistoles-paliktna-kabata-besa\/","title":{"rendered":"Pistoles palikt\u0146a kabata-b\u0113\u0161a<br><br>"},"content":{"rendered":"<p><a href=\"https:\/\/kingarms.ee\/wp-content\/uploads\/2020\/03\/1152207926_1-300x200.jpg\"><img loading=\"lazy\" decoding=\"async\" class=\"alignnone size-medium wp-image-25618\" src=\"https:\/\/kingarms.ee\/wp-content\/uploads\/2020\/03\/1152207926_1-300x200.jpg\" alt=\"\" width=\"300\" height=\"200\" srcset=\"https:\/\/kingarms.ee\/wp-content\/uploads\/2020\/03\/1152207926_1-300x200.jpg 300w, https:\/\/kingarms.ee\/wp-content\/uploads\/2020\/03\/1152207926_1-150x100.jpg 150w, https:\/\/kingarms.ee\/wp-content\/uploads\/2020\/03\/1152207926_1-500x333.jpg 500w, https:\/\/kingarms.ee\/wp-content\/uploads\/2020\/03\/1152207926_1-768x512.jpg 768w, https:\/\/kingarms.ee\/wp-content\/uploads\/2020\/03\/1152207926_1.jpg 800w\" sizes=\"auto, (max-width: 300px) 100vw, 300px\" \/><\/a><\/p>\n","protected":false},"excerpt":{"rendered":"<p>Tur vismaz 1 papl\u0101ti.<\/p>\n<p> Produkts ir paredz\u0113ts, lai pan\u0101ktu maksim\u0101lu \u0101tru papl\u0101tes mai\u0146u, t\u0101p\u0113c tas ir br\u012bvs uz aug\u0161u.<\/p>\n<p> Plastmasas deta\u013cas ab\u0101s papl\u0101tes kabatas pus\u0113s cie\u0161i tur papl\u0101ti.<\/p>\n<p> Izmantojot elast\u012bg\u0101s paracord gumijas, papl\u0101ti vajadz\u012bbas gad\u012bjum\u0101 var nekust\u012bgi piestiprin\u0101t papl\u0101tes kabat\u0101.<\/p>\n<p> Saturs ir izgatavots no nesl\u012bdo\u0161a materi\u0101la.<\/p>\n<p> Papildu kabatas var piestiprin\u0101t pie MOLLE tipa \u0101rpuses.<\/p>\n","protected":false},"featured_media":112077,"template":"","meta":{"_acf_changed":false},"product_brand":[],"product_cat":[1098,1100],"product_tag":[],"class_list":{"0":"post-146610","1":"product","2":"type-product","3":"status-publish","4":"has-post-thumbnail","6":"product_cat-maisini-somas-un-siksnas","7":"product_cat-uzglabasanas-kabatas","9":"first","10":"onbackorder","11":"taxable","12":"shipping-taxable","13":"product-type-simple"},"acf":[],"_links":{"self":[{"href":"https:\/\/kingarms.ee\/lv\/wp-json\/wp\/v2\/product\/146610","targetHints":{"allow":["GET"]}}],"collection":[{"href":"https:\/\/kingarms.ee\/lv\/wp-json\/wp\/v2\/product"}],"about":[{"href":"https:\/\/kingarms.ee\/lv\/wp-json\/wp\/v2\/types\/product"}],"wp:featuredmedia":[{"embeddable":true,"href":"https:\/\/kingarms.ee\/lv\/wp-json\/wp\/v2\/media\/112077"}],"wp:attachment":[{"href":"https:\/\/kingarms.ee\/lv\/wp-json\/wp\/v2\/media?parent=146610"}],"wp:term":[{"taxonomy":"product_brand","embeddable":true,"href":"https:\/\/kingarms.ee\/lv\/wp-json\/wp\/v2\/product_brand?post=146610"},{"taxonomy":"product_cat","embeddable":true,"href":"https:\/\/kingarms.ee\/lv\/wp-json\/wp\/v2\/product_cat?post=146610"},{"taxonomy":"product_tag","embeddable":true,"href":"https:\/\/kingarms.ee\/lv\/wp-json\/wp\/v2\/product_tag?post=146610"}],"curies":[{"name":"wp","href":"https:\/\/api.w.org\/{rel}","templated":true}]}}