{"id":146613,"date":"2019-11-19T17:41:21","date_gmt":"2025-03-07T16:11:13","guid":{"rendered":"https:\/\/kingarms.ee\/product\/taktikaline-vookott-desert-camo\/"},"modified":"2025-03-07T19:11:13","modified_gmt":"2025-03-07T16:11:13","slug":"taktikaline-vookott-desert-camo","status":"publish","type":"product","link":"https:\/\/kingarms.ee\/lv\/product\/taktikaline-vookott-desert-camo\/","title":{"rendered":"Taktikaline v\u00f6\u00f6kott (Desert camo)<br><br>"},"content":{"rendered":"<p><a href=\"https:\/\/kingarms.ee\/wp-content\/uploads\/2019\/11\/s-l1600-2-300x300.jpg\"><img loading=\"lazy\" decoding=\"async\" class=\"alignnone size-medium wp-image-22389\" src=\"https:\/\/kingarms.ee\/wp-content\/uploads\/2019\/11\/s-l1600-2-300x300.jpg\" alt=\"\" width=\"300\" height=\"300\" srcset=\"https:\/\/kingarms.ee\/wp-content\/uploads\/2019\/11\/s-l1600-2-300x300.jpg 300w, https:\/\/kingarms.ee\/wp-content\/uploads\/2019\/11\/s-l1600-2-150x150.jpg 150w, https:\/\/kingarms.ee\/wp-content\/uploads\/2019\/11\/s-l1600-2-500x500.jpg 500w, https:\/\/kingarms.ee\/wp-content\/uploads\/2019\/11\/s-l1600-2.jpg 750w\" sizes=\"auto, (max-width: 300px) 100vw, 300px\" \/><\/a><\/p>\n","protected":false},"excerpt":{"rendered":"<p>Taktisk\u0101 jostas soma ir piem\u0113rota ikdienas lieto\u0161anai.<\/p>\n<p>M\u00f5\u00f5tmed: 12cm x 17.5 cm x 6cm<\/p>\n<p>Svars: 147g<\/p>\n","protected":false},"featured_media":132822,"template":"","meta":{"_acf_changed":false},"product_brand":[],"product_cat":[1104,1098],"product_tag":[],"class_list":{"0":"post-146613","1":"product","2":"type-product","3":"status-publish","4":"has-post-thumbnail","6":"product_cat-kabatas","7":"product_cat-maisini-somas-un-siksnas","9":"first","10":"instock","11":"taxable","12":"shipping-taxable","13":"purchasable","14":"product-type-simple"},"acf":[],"_links":{"self":[{"href":"https:\/\/kingarms.ee\/lv\/wp-json\/wp\/v2\/product\/146613","targetHints":{"allow":["GET"]}}],"collection":[{"href":"https:\/\/kingarms.ee\/lv\/wp-json\/wp\/v2\/product"}],"about":[{"href":"https:\/\/kingarms.ee\/lv\/wp-json\/wp\/v2\/types\/product"}],"wp:featuredmedia":[{"embeddable":true,"href":"https:\/\/kingarms.ee\/lv\/wp-json\/wp\/v2\/media\/132822"}],"wp:attachment":[{"href":"https:\/\/kingarms.ee\/lv\/wp-json\/wp\/v2\/media?parent=146613"}],"wp:term":[{"taxonomy":"product_brand","embeddable":true,"href":"https:\/\/kingarms.ee\/lv\/wp-json\/wp\/v2\/product_brand?post=146613"},{"taxonomy":"product_cat","embeddable":true,"href":"https:\/\/kingarms.ee\/lv\/wp-json\/wp\/v2\/product_cat?post=146613"},{"taxonomy":"product_tag","embeddable":true,"href":"https:\/\/kingarms.ee\/lv\/wp-json\/wp\/v2\/product_tag?post=146613"}],"curies":[{"name":"wp","href":"https:\/\/api.w.org\/{rel}","templated":true}]}}