{"id":146618,"date":"2020-03-10T15:29:47","date_gmt":"2020-03-10T12:29:47","guid":{"rendered":"https:\/\/kingarms.ee\/product\/stardipustol-f92-full-auto-8mm-bruni\/"},"modified":"2025-03-07T19:19:38","modified_gmt":"2025-03-07T16:19:38","slug":"stardipustol-f92-full-auto-8mm-bruni","status":"publish","type":"product","link":"https:\/\/kingarms.ee\/lv\/product\/stardipustol-f92-full-auto-8mm-bruni\/","title":{"rendered":"Stardip\u00fcstol F92 FULL AUTO 8mm (Bruni)<br><br>"},"content":{"rendered":"<p><img loading=\"lazy\" decoding=\"async\" class=\"alignnone size-full wp-image-74769\" src=\"https:\/\/kingarms.ee\/wp-content\/uploads\/2020\/03\/bruni-92-auto.jpg\" alt=\"\" width=\"800\" height=\"600\" srcset=\"https:\/\/kingarms.ee\/wp-content\/uploads\/2020\/03\/bruni-92-auto.jpg 800w, https:\/\/kingarms.ee\/wp-content\/uploads\/2020\/03\/bruni-92-auto-300x225.jpg 300w, https:\/\/kingarms.ee\/wp-content\/uploads\/2020\/03\/bruni-92-auto-768x576.jpg 768w, https:\/\/kingarms.ee\/wp-content\/uploads\/2020\/03\/bruni-92-auto-600x450.jpg 600w, https:\/\/kingarms.ee\/wp-content\/uploads\/2020\/03\/bruni-92-auto-500x375.jpg 500w, https:\/\/kingarms.ee\/wp-content\/uploads\/2020\/03\/bruni-92-auto-150x113.jpg 150w\" sizes=\"auto, (max-width: 800px) 100vw, 800px\" \/><\/p>\n","protected":false},"excerpt":{"rendered":"<p>Stardip\u00fcstol F92 FULL AUTO 8mm (Bruni)<\/p>\n<p>Trieciens F92 stardip\u00fcstol.<\/p>\n<p> Pilna AUTO-vallanguga tulistamine<\/p>\n<p>Visas deta\u013cas darbojas k\u0101 \u012bsts ierocis.<\/p>\n<p>Ska\u0146a, kad apdedzinot ir l\u012bdzv\u0113rt\u012bga ska\u0146u re\u0101lu lielgabals shot !<\/p>\n<p>Papl\u0101tes ietilp\u012bba: 17 + 1 k\u0101rtrid\u017es.<\/p>\n<p>Mun\u012bcija: 8 mm P. A. K. Sagataves.<\/p>\n<p>Garums: 20 cm<\/p>\n<p>Augstums: 25 cm<\/p>\n<p>Svars: 1200 g<\/p>\n<p>V\u00e4rvus: must<\/p>\n<p>Stardip\u00fcstoli omamiseks ei ole vaja relvaluba !<\/p>\n<div>\n<p>Produkta Galvot\u0101d\u017es 3 g Gadus un coress Uztur\u0113\u0161anas laik\u0101 Bezkkkk<\/p>\n<\/div>\n","protected":false},"featured_media":152501,"template":"","meta":{"_acf_changed":false},"product_brand":[],"product_cat":[1010],"product_tag":[],"class_list":{"0":"post-146618","1":"product","2":"type-product","3":"status-publish","4":"has-post-thumbnail","6":"product_cat-starta-pistoles","8":"first","9":"instock","10":"taxable","11":"shipping-taxable","12":"purchasable","13":"product-type-simple"},"acf":[],"_links":{"self":[{"href":"https:\/\/kingarms.ee\/lv\/wp-json\/wp\/v2\/product\/146618","targetHints":{"allow":["GET"]}}],"collection":[{"href":"https:\/\/kingarms.ee\/lv\/wp-json\/wp\/v2\/product"}],"about":[{"href":"https:\/\/kingarms.ee\/lv\/wp-json\/wp\/v2\/types\/product"}],"wp:featuredmedia":[{"embeddable":true,"href":"https:\/\/kingarms.ee\/lv\/wp-json\/wp\/v2\/media\/152501"}],"wp:attachment":[{"href":"https:\/\/kingarms.ee\/lv\/wp-json\/wp\/v2\/media?parent=146618"}],"wp:term":[{"taxonomy":"product_brand","embeddable":true,"href":"https:\/\/kingarms.ee\/lv\/wp-json\/wp\/v2\/product_brand?post=146618"},{"taxonomy":"product_cat","embeddable":true,"href":"https:\/\/kingarms.ee\/lv\/wp-json\/wp\/v2\/product_cat?post=146618"},{"taxonomy":"product_tag","embeddable":true,"href":"https:\/\/kingarms.ee\/lv\/wp-json\/wp\/v2\/product_tag?post=146618"}],"curies":[{"name":"wp","href":"https:\/\/api.w.org\/{rel}","templated":true}]}}