{"id":146619,"date":"2019-09-11T16:23:45","date_gmt":"2025-03-07T16:28:27","guid":{"rendered":"https:\/\/kingarms.ee\/product\/borner-jumbo-0-65-g-4-5-mm-500-tk\/"},"modified":"2025-03-07T19:28:27","modified_gmt":"2025-03-07T16:28:27","slug":"borner-jumbo-0-65-g-4-5-mm-500-tk","status":"publish","type":"product","link":"https:\/\/kingarms.ee\/lv\/product\/borner-jumbo-0-65-g-4-5-mm-500-tk\/","title":{"rendered":"Borner Jumbo 0.65 g 4.5 mm (500 tk)<br><br>"},"content":{"rendered":"<p><a href=\"https:\/\/kingarms.ee\/wp-content\/uploads\/2019\/09\/b5023d5a-c3da-11e9-858f-001e67ad91cb_1a788b50-4a0b-435d-86f1-2f7b285a3ef7-2-300x225.jpg\"><img loading=\"lazy\" decoding=\"async\" class=\"alignnone size-medium wp-image-18314\" src=\"https:\/\/kingarms.ee\/wp-content\/uploads\/2019\/09\/b5023d5a-c3da-11e9-858f-001e67ad91cb_1a788b50-4a0b-435d-86f1-2f7b285a3ef7-2-300x225.jpg\" alt=\"\" width=\"300\" height=\"225\" srcset=\"https:\/\/kingarms.ee\/wp-content\/uploads\/2019\/09\/b5023d5a-c3da-11e9-858f-001e67ad91cb_1a788b50-4a0b-435d-86f1-2f7b285a3ef7-2-300x225.jpg 300w, https:\/\/kingarms.ee\/wp-content\/uploads\/2019\/09\/b5023d5a-c3da-11e9-858f-001e67ad91cb_1a788b50-4a0b-435d-86f1-2f7b285a3ef7-2-150x113.jpg 150w, https:\/\/kingarms.ee\/wp-content\/uploads\/2019\/09\/b5023d5a-c3da-11e9-858f-001e67ad91cb_1a788b50-4a0b-435d-86f1-2f7b285a3ef7-2-500x375.jpg 500w, https:\/\/kingarms.ee\/wp-content\/uploads\/2019\/09\/b5023d5a-c3da-11e9-858f-001e67ad91cb_1a788b50-4a0b-435d-86f1-2f7b285a3ef7-2-768x576.jpg 768w, https:\/\/kingarms.ee\/wp-content\/uploads\/2019\/09\/b5023d5a-c3da-11e9-858f-001e67ad91cb_1a788b50-4a0b-435d-86f1-2f7b285a3ef7-2-600x450.jpg 600w, https:\/\/kingarms.ee\/wp-content\/uploads\/2019\/09\/b5023d5a-c3da-11e9-858f-001e67ad91cb_1a788b50-4a0b-435d-86f1-2f7b285a3ef7-2.jpg 1000w\" sizes=\"auto, (max-width: 300px) 100vw, 300px\" \/><\/a><\/p>\n","protected":false},"excerpt":{"rendered":"<p>Borner Jumbo 0.65 g 4.5 mm (500 tk)<\/p>\n<p>BORNER gaisa \u0161autene granulu JUMBO ir m\u0113rens Diabolo vid\u0113jiem att\u0101lumiem.<\/p>\n<p> Aerodinamiskais dizains un plakana trajektorija nodro\u0161ina labu precizit\u0101ti un augstu iespie\u0161an\u0101s ener\u0123iju.<\/p>\n<p>Tehniskie dati un izm\u0113ri:<\/p>\n<p>Z\u012bmols: Bir\u017eas Brokeris<\/p>\n<p>modelis: JUMBO<\/p>\n<p>forma: asa galva, gluda<\/p>\n<p>kalibrs: 4.5 mm (0.177)<\/p>\n<p>svars: 0.65 g (10.00 gr)<\/p>\n<p>saturs: 500 gab<\/p>\n","protected":false},"featured_media":111145,"template":"","meta":{"_acf_changed":false},"product_brand":[],"product_cat":[1047],"product_tag":[],"class_list":{"0":"post-146619","1":"product","2":"type-product","3":"status-publish","4":"has-post-thumbnail","6":"product_cat-airuna-4-5-mm","8":"first","9":"instock","10":"taxable","11":"shipping-taxable","12":"purchasable","13":"product-type-simple"},"acf":[],"_links":{"self":[{"href":"https:\/\/kingarms.ee\/lv\/wp-json\/wp\/v2\/product\/146619","targetHints":{"allow":["GET"]}}],"collection":[{"href":"https:\/\/kingarms.ee\/lv\/wp-json\/wp\/v2\/product"}],"about":[{"href":"https:\/\/kingarms.ee\/lv\/wp-json\/wp\/v2\/types\/product"}],"wp:featuredmedia":[{"embeddable":true,"href":"https:\/\/kingarms.ee\/lv\/wp-json\/wp\/v2\/media\/111145"}],"wp:attachment":[{"href":"https:\/\/kingarms.ee\/lv\/wp-json\/wp\/v2\/media?parent=146619"}],"wp:term":[{"taxonomy":"product_brand","embeddable":true,"href":"https:\/\/kingarms.ee\/lv\/wp-json\/wp\/v2\/product_brand?post=146619"},{"taxonomy":"product_cat","embeddable":true,"href":"https:\/\/kingarms.ee\/lv\/wp-json\/wp\/v2\/product_cat?post=146619"},{"taxonomy":"product_tag","embeddable":true,"href":"https:\/\/kingarms.ee\/lv\/wp-json\/wp\/v2\/product_tag?post=146619"}],"curies":[{"name":"wp","href":"https:\/\/api.w.org\/{rel}","templated":true}]}}