{"id":146621,"date":"2019-09-11T19:19:03","date_gmt":"2025-03-07T16:38:08","guid":{"rendered":"https:\/\/kingarms.ee\/product\/borner-barracuda-0-70-g-4-5-mm-500-tk\/"},"modified":"2025-03-07T19:38:08","modified_gmt":"2025-03-07T16:38:08","slug":"borner-barracuda-0-70-g-4-5-mm-500-tk","status":"publish","type":"product","link":"https:\/\/kingarms.ee\/lv\/product\/borner-barracuda-0-70-g-4-5-mm-500-tk\/","title":{"rendered":"Borner Barracuda 0.70 g 4.5 mm (500 tk)<br><br>"},"content":{"rendered":"<p><a href=\"https:\/\/kingarms.ee\/wp-content\/uploads\/2019\/09\/d7a127ff-d072-11e9-8592-001e67ad91cb_71d1231f-edab-4b3f-89af-dd42ea16dde9-2-300x225.jpg\"><img loading=\"lazy\" decoding=\"async\" class=\"alignnone size-medium wp-image-18307\" src=\"https:\/\/kingarms.ee\/wp-content\/uploads\/2019\/09\/d7a127ff-d072-11e9-8592-001e67ad91cb_71d1231f-edab-4b3f-89af-dd42ea16dde9-2-300x225.jpg\" alt=\"\" width=\"300\" height=\"225\" srcset=\"https:\/\/kingarms.ee\/wp-content\/uploads\/2019\/09\/d7a127ff-d072-11e9-8592-001e67ad91cb_71d1231f-edab-4b3f-89af-dd42ea16dde9-2-300x225.jpg 300w, https:\/\/kingarms.ee\/wp-content\/uploads\/2019\/09\/d7a127ff-d072-11e9-8592-001e67ad91cb_71d1231f-edab-4b3f-89af-dd42ea16dde9-2-150x113.jpg 150w, https:\/\/kingarms.ee\/wp-content\/uploads\/2019\/09\/d7a127ff-d072-11e9-8592-001e67ad91cb_71d1231f-edab-4b3f-89af-dd42ea16dde9-2-500x375.jpg 500w, https:\/\/kingarms.ee\/wp-content\/uploads\/2019\/09\/d7a127ff-d072-11e9-8592-001e67ad91cb_71d1231f-edab-4b3f-89af-dd42ea16dde9-2-768x576.jpg 768w, https:\/\/kingarms.ee\/wp-content\/uploads\/2019\/09\/d7a127ff-d072-11e9-8592-001e67ad91cb_71d1231f-edab-4b3f-89af-dd42ea16dde9-2-600x450.jpg 600w, https:\/\/kingarms.ee\/wp-content\/uploads\/2019\/09\/d7a127ff-d072-11e9-8592-001e67ad91cb_71d1231f-edab-4b3f-89af-dd42ea16dde9-2.jpg 1000w\" sizes=\"auto, (max-width: 300px) 100vw, 300px\" \/><\/a><\/p>\n","protected":false},"excerpt":{"rendered":"<p>Borner Barracuda 0.70 g 4.5 mm (500 tk)<\/p>\n<p>Barracuda lodes ir prec\u012bzas, labi l\u012bdzsvarotas gaisa \u0161autenes bumbi\u0146as ar lielisku aerodinamiku, kas piem\u0113rotas \u0161au\u0161anai lielos att\u0101lumos.<\/p>\n<p> Piem\u0113rots gaisa iero\u010diem.<\/p>\n<p>Kalibrs: 4.5 mm (177)<\/p>\n<p>Svars: 0,70 g.<\/p>\n<p>Kast\u012bte: 500 Gab.<\/p>\n","protected":false},"featured_media":111143,"template":"","meta":{"_acf_changed":false},"product_brand":[],"product_cat":[1047],"product_tag":[],"class_list":{"0":"post-146621","1":"product","2":"type-product","3":"status-publish","4":"has-post-thumbnail","6":"product_cat-airuna-4-5-mm","8":"first","9":"instock","10":"taxable","11":"shipping-taxable","12":"purchasable","13":"product-type-simple"},"acf":[],"_links":{"self":[{"href":"https:\/\/kingarms.ee\/lv\/wp-json\/wp\/v2\/product\/146621","targetHints":{"allow":["GET"]}}],"collection":[{"href":"https:\/\/kingarms.ee\/lv\/wp-json\/wp\/v2\/product"}],"about":[{"href":"https:\/\/kingarms.ee\/lv\/wp-json\/wp\/v2\/types\/product"}],"wp:featuredmedia":[{"embeddable":true,"href":"https:\/\/kingarms.ee\/lv\/wp-json\/wp\/v2\/media\/111143"}],"wp:attachment":[{"href":"https:\/\/kingarms.ee\/lv\/wp-json\/wp\/v2\/media?parent=146621"}],"wp:term":[{"taxonomy":"product_brand","embeddable":true,"href":"https:\/\/kingarms.ee\/lv\/wp-json\/wp\/v2\/product_brand?post=146621"},{"taxonomy":"product_cat","embeddable":true,"href":"https:\/\/kingarms.ee\/lv\/wp-json\/wp\/v2\/product_cat?post=146621"},{"taxonomy":"product_tag","embeddable":true,"href":"https:\/\/kingarms.ee\/lv\/wp-json\/wp\/v2\/product_tag?post=146621"}],"curies":[{"name":"wp","href":"https:\/\/api.w.org\/{rel}","templated":true}]}}