{"id":146651,"date":"2020-01-03T15:34:21","date_gmt":"2025-03-08T12:35:34","guid":{"rendered":"https:\/\/kingarms.ee\/product\/uguns-invertora-plaksne-mp5\/"},"modified":"2025-03-08T15:35:34","modified_gmt":"2025-03-08T12:35:34","slug":"uguns-invertora-plaksne-mp5","status":"publish","type":"product","link":"https:\/\/kingarms.ee\/lv\/product\/uguns-invertora-plaksne-mp5\/","title":{"rendered":"Uguns invertora pl\u0101ksne (MP5)<br><br>"},"content":{"rendered":"<p><a href=\"https:\/\/kingarms.ee\/wp-content\/uploads\/2020\/01\/eng_pl_Guarder-Anti-Heat-Selector-Plate-for-MP5-GE-07-13-3905_1-300x175.jpg\"><img loading=\"lazy\" decoding=\"async\" class=\"alignnone size-medium wp-image-24966\" src=\"https:\/\/kingarms.ee\/wp-content\/uploads\/2020\/01\/eng_pl_Guarder-Anti-Heat-Selector-Plate-for-MP5-GE-07-13-3905_1-300x175.jpg\" alt=\"\" width=\"300\" height=\"175\" srcset=\"https:\/\/kingarms.ee\/wp-content\/uploads\/2020\/01\/eng_pl_Guarder-Anti-Heat-Selector-Plate-for-MP5-GE-07-13-3905_1-300x175.jpg 300w, https:\/\/kingarms.ee\/wp-content\/uploads\/2020\/01\/eng_pl_Guarder-Anti-Heat-Selector-Plate-for-MP5-GE-07-13-3905_1-150x87.jpg 150w, https:\/\/kingarms.ee\/wp-content\/uploads\/2020\/01\/eng_pl_Guarder-Anti-Heat-Selector-Plate-for-MP5-GE-07-13-3905_1-500x291.jpg 500w, https:\/\/kingarms.ee\/wp-content\/uploads\/2020\/01\/eng_pl_Guarder-Anti-Heat-Selector-Plate-for-MP5-GE-07-13-3905_1.jpg 700w\" sizes=\"auto, (max-width: 300px) 100vw, 300px\" \/><\/a><\/p>\n","protected":false},"excerpt":{"rendered":"<p>Uguns re\u017e\u012bma selektora pl\u0101ksne MP5 ierocim no punkta.<\/p>\n","protected":false},"featured_media":111886,"template":"","meta":{"_acf_changed":false},"product_brand":[],"product_cat":[1107,1129],"product_tag":[],"class_list":{"0":"post-146651","1":"product","2":"type-product","3":"status-publish","4":"has-post-thumbnail","6":"product_cat-noregulesana","7":"product_cat-rezerves-dalas","9":"first","10":"instock","11":"taxable","12":"shipping-taxable","13":"purchasable","14":"product-type-simple"},"acf":[],"_links":{"self":[{"href":"https:\/\/kingarms.ee\/lv\/wp-json\/wp\/v2\/product\/146651","targetHints":{"allow":["GET"]}}],"collection":[{"href":"https:\/\/kingarms.ee\/lv\/wp-json\/wp\/v2\/product"}],"about":[{"href":"https:\/\/kingarms.ee\/lv\/wp-json\/wp\/v2\/types\/product"}],"wp:featuredmedia":[{"embeddable":true,"href":"https:\/\/kingarms.ee\/lv\/wp-json\/wp\/v2\/media\/111886"}],"wp:attachment":[{"href":"https:\/\/kingarms.ee\/lv\/wp-json\/wp\/v2\/media?parent=146651"}],"wp:term":[{"taxonomy":"product_brand","embeddable":true,"href":"https:\/\/kingarms.ee\/lv\/wp-json\/wp\/v2\/product_brand?post=146651"},{"taxonomy":"product_cat","embeddable":true,"href":"https:\/\/kingarms.ee\/lv\/wp-json\/wp\/v2\/product_cat?post=146651"},{"taxonomy":"product_tag","embeddable":true,"href":"https:\/\/kingarms.ee\/lv\/wp-json\/wp\/v2\/product_tag?post=146651"}],"curies":[{"name":"wp","href":"https:\/\/api.w.org\/{rel}","templated":true}]}}