{"id":146665,"date":"2018-08-31T08:08:33","date_gmt":"2025-03-08T12:48:51","guid":{"rendered":"https:\/\/kingarms.ee\/product\/triple-mp5-tuupi-magazine-pocket-olive\/"},"modified":"2025-03-08T15:48:51","modified_gmt":"2025-03-08T12:48:51","slug":"triple-mp5-tuupi-magazine-pocket-olive","status":"publish","type":"product","link":"https:\/\/kingarms.ee\/lv\/product\/triple-mp5-tuupi-magazine-pocket-olive\/","title":{"rendered":"Triple MP5 t\u00fc\u00fcpi magazine pocket olive<br><br>"},"content":{"rendered":"<p><a href=\"https:\/\/kingarms.ee\/wp-content\/uploads\/2018\/02\/1152207719_1.jpg\"><img loading=\"lazy\" decoding=\"async\" class=\"alignnone size-medium wp-image-690\" src=\"https:\/\/kingarms.ee\/wp-content\/uploads\/2018\/02\/1152207719_1-300x200.jpg\" alt=\"\" width=\"300\" height=\"200\"><\/a><\/p>\n","protected":false},"excerpt":{"rendered":"<p>Triple MP5 t\u00fc\u00fcpi magazine pocket olive<\/p>\n<p><span title=\"\">\u0160\u012b kabata ir piem\u0113rota Flyye Industries MP5 vai MP9 nodal\u012bjumiem.<\/p>\n<p><\/span> <span title=\"\">Kastes kabatai aug\u0161pus\u0113 ir aizdare ar aizdari, un izstr\u0101d\u0101jumam ir MOLLE stiprin\u0101jumi.<\/p>\n<p><\/span><\/p>\n","protected":false},"featured_media":105319,"template":"","meta":{"_acf_changed":false},"product_brand":[],"product_cat":[1098],"product_tag":[],"class_list":{"0":"post-146665","1":"product","2":"type-product","3":"status-publish","4":"has-post-thumbnail","6":"product_cat-maisini-somas-un-siksnas","8":"first","9":"instock","10":"purchasable","11":"product-type-simple"},"acf":[],"_links":{"self":[{"href":"https:\/\/kingarms.ee\/lv\/wp-json\/wp\/v2\/product\/146665","targetHints":{"allow":["GET"]}}],"collection":[{"href":"https:\/\/kingarms.ee\/lv\/wp-json\/wp\/v2\/product"}],"about":[{"href":"https:\/\/kingarms.ee\/lv\/wp-json\/wp\/v2\/types\/product"}],"wp:featuredmedia":[{"embeddable":true,"href":"https:\/\/kingarms.ee\/lv\/wp-json\/wp\/v2\/media\/105319"}],"wp:attachment":[{"href":"https:\/\/kingarms.ee\/lv\/wp-json\/wp\/v2\/media?parent=146665"}],"wp:term":[{"taxonomy":"product_brand","embeddable":true,"href":"https:\/\/kingarms.ee\/lv\/wp-json\/wp\/v2\/product_brand?post=146665"},{"taxonomy":"product_cat","embeddable":true,"href":"https:\/\/kingarms.ee\/lv\/wp-json\/wp\/v2\/product_cat?post=146665"},{"taxonomy":"product_tag","embeddable":true,"href":"https:\/\/kingarms.ee\/lv\/wp-json\/wp\/v2\/product_tag?post=146665"}],"curies":[{"name":"wp","href":"https:\/\/api.w.org\/{rel}","templated":true}]}}