{"id":146692,"date":"2020-06-01T16:20:00","date_gmt":"2020-06-01T13:20:00","guid":{"rendered":"https:\/\/kingarms.ee\/product\/rk74-e-g-amp-g\/"},"modified":"2025-03-08T18:50:31","modified_gmt":"2025-03-08T15:50:31","slug":"rk74-e-g-amp-g","status":"publish","type":"product","link":"https:\/\/kingarms.ee\/lv\/product\/rk74-e-g-amp-g\/","title":{"rendered":"RK74 E G &amp; amp; G<br><br>"},"content":{"rendered":"<p><a href=\"https:\/\/kingarms.ee\/wp-content\/uploads\/2020\/06\/gg-electric-rifle-rk74-e-gg-rk74e-300x300.jpg\"><img loading=\"lazy\" decoding=\"async\" class=\"alignnone size-medium\" src=\"https:\/\/kingarms.ee\/wp-content\/uploads\/2020\/06\/gg-electric-rifle-rk74-e-gg-rk74e-300x300.jpg\" alt=\"\" width=\"300\" height=\"300\"><\/a><\/p>\n","protected":false},"excerpt":{"rendered":"<p>RK74 E G &amp; amp; G<\/p>\n<p>Pilna met\u0101la korpuss<\/p>\n<p>115 k\u0101rtas \u017eurn\u0101ls<\/p>\n<p>Alum\u012bnija ris<\/p>\n<p>Regul\u0113jams priek\u0161\u0113jais skats<\/p>\n<p>Flip-up aizmugures skats<\/p>\n<p>Regul\u0113jams hopup<\/p>\n<p>Mosfet un etu<\/p>\n<p>Ievelkams kr\u0101jums<\/p>\n<p>Akumulators un akumulatora l\u0101d\u0113t\u0101js nav iek\u013cauts<\/p>\n<p>Garums 810-900mm<\/p>\n<p>Svars 2980g<\/p>\n","protected":false},"featured_media":154930,"template":"","meta":{"_acf_changed":false},"product_brand":[],"product_cat":[1001],"product_tag":[1317],"class_list":{"0":"post-146692","1":"product","2":"type-product","3":"status-publish","4":"has-post-thumbnail","6":"product_cat-tirdzniecibas-automati","7":"product_tag-4blss3ph-lv","9":"first","10":"onbackorder","11":"taxable","12":"shipping-taxable","13":"product-type-simple"},"acf":[],"_links":{"self":[{"href":"https:\/\/kingarms.ee\/lv\/wp-json\/wp\/v2\/product\/146692","targetHints":{"allow":["GET"]}}],"collection":[{"href":"https:\/\/kingarms.ee\/lv\/wp-json\/wp\/v2\/product"}],"about":[{"href":"https:\/\/kingarms.ee\/lv\/wp-json\/wp\/v2\/types\/product"}],"wp:featuredmedia":[{"embeddable":true,"href":"https:\/\/kingarms.ee\/lv\/wp-json\/wp\/v2\/media\/154930"}],"wp:attachment":[{"href":"https:\/\/kingarms.ee\/lv\/wp-json\/wp\/v2\/media?parent=146692"}],"wp:term":[{"taxonomy":"product_brand","embeddable":true,"href":"https:\/\/kingarms.ee\/lv\/wp-json\/wp\/v2\/product_brand?post=146692"},{"taxonomy":"product_cat","embeddable":true,"href":"https:\/\/kingarms.ee\/lv\/wp-json\/wp\/v2\/product_cat?post=146692"},{"taxonomy":"product_tag","embeddable":true,"href":"https:\/\/kingarms.ee\/lv\/wp-json\/wp\/v2\/product_tag?post=146692"}],"curies":[{"name":"wp","href":"https:\/\/api.w.org\/{rel}","templated":true}]}}