{"id":146694,"date":"2020-06-01T16:20:00","date_gmt":"2020-06-01T13:20:00","guid":{"rendered":"https:\/\/kingarms.ee\/product\/rk74-cqb-g-amp-g\/"},"modified":"2025-03-08T18:56:22","modified_gmt":"2025-03-08T15:56:22","slug":"rk74-cqb-g-amp-g","status":"publish","type":"product","link":"https:\/\/kingarms.ee\/lv\/product\/rk74-cqb-g-amp-g\/","title":{"rendered":"RK74 CQB G &amp; amp; G<br><br>"},"content":{"rendered":"<p><a href=\"https:\/\/kingarms.ee\/wp-content\/uploads\/2020\/06\/gg-aeg-rk74-cqb-gg-rk74cqb-300x300.jpg\"><img loading=\"lazy\" decoding=\"async\" class=\"alignnone size-medium\" src=\"https:\/\/kingarms.ee\/wp-content\/uploads\/2020\/06\/gg-aeg-rk74-cqb-gg-rk74cqb-300x300.jpg\" alt=\"\" width=\"300\" height=\"300\"><\/a><\/p>\n","protected":false},"excerpt":{"rendered":"<p>RK74 CQB G &amp; amp; G<\/p>\n<p>\u0136erme\u0146a pilna met\u0101la<\/p>\n<p>115 k\u0101rtas \u017eurn\u0101ls<\/p>\n<p>Ctr stila Teleskopiskais kr\u0101jums<\/p>\n<p>Regul\u0113jams priek\u0161\u0113jais skats<\/p>\n<p>Regul\u0113jams hop up<\/p>\n<p>Mosfet un etu<\/p>\n<p>Uguns re\u017e\u012bms: dro\u0161s, viens \u0161\u0101viens un pilna auto (var iestat\u012bt 3 k\u0101rtas p\u0101rspr\u0101gt)<\/p>\n<p>Garums 690mm-780mm<\/p>\n<p>Svars 2980g<\/p>\n<p>Melna kr\u0101sa<\/p>\n<p>Akumulators un batt.L\u0101d\u0113t\u0101js nav iek\u013cauts<\/p>\n","protected":false},"featured_media":153251,"template":"","meta":{"_acf_changed":false},"product_brand":[],"product_cat":[1001],"product_tag":[1317],"class_list":{"0":"post-146694","1":"product","2":"type-product","3":"status-publish","4":"has-post-thumbnail","6":"product_cat-tirdzniecibas-automati","7":"product_tag-4blss3ph-lv","9":"first","10":"instock","11":"sale","12":"taxable","13":"shipping-taxable","14":"purchasable","15":"product-type-simple"},"acf":[],"_links":{"self":[{"href":"https:\/\/kingarms.ee\/lv\/wp-json\/wp\/v2\/product\/146694","targetHints":{"allow":["GET"]}}],"collection":[{"href":"https:\/\/kingarms.ee\/lv\/wp-json\/wp\/v2\/product"}],"about":[{"href":"https:\/\/kingarms.ee\/lv\/wp-json\/wp\/v2\/types\/product"}],"wp:featuredmedia":[{"embeddable":true,"href":"https:\/\/kingarms.ee\/lv\/wp-json\/wp\/v2\/media\/153251"}],"wp:attachment":[{"href":"https:\/\/kingarms.ee\/lv\/wp-json\/wp\/v2\/media?parent=146694"}],"wp:term":[{"taxonomy":"product_brand","embeddable":true,"href":"https:\/\/kingarms.ee\/lv\/wp-json\/wp\/v2\/product_brand?post=146694"},{"taxonomy":"product_cat","embeddable":true,"href":"https:\/\/kingarms.ee\/lv\/wp-json\/wp\/v2\/product_cat?post=146694"},{"taxonomy":"product_tag","embeddable":true,"href":"https:\/\/kingarms.ee\/lv\/wp-json\/wp\/v2\/product_tag?post=146694"}],"curies":[{"name":"wp","href":"https:\/\/api.w.org\/{rel}","templated":true}]}}