{"id":146697,"date":"2020-06-01T16:20:00","date_gmt":"2020-06-01T13:20:00","guid":{"rendered":"https:\/\/kingarms.ee\/product\/pwd-15-ar-g-amp-g\/"},"modified":"2025-03-08T19:05:12","modified_gmt":"2025-03-08T16:05:12","slug":"pwd-15-ar-g-amp-g","status":"publish","type":"product","link":"https:\/\/kingarms.ee\/lv\/product\/pwd-15-ar-g-amp-g\/","title":{"rendered":"PWD 15 AR G &amp; amp; G<br><br>"},"content":{"rendered":"<p><a href=\"https:\/\/kingarms.ee\/wp-content\/uploads\/2020\/06\/gg-electric-rifle-pwd15-ar-gg-pdw15-ar-300x300.jpg\"><img loading=\"lazy\" decoding=\"async\" class=\"alignnone size-medium\" src=\"https:\/\/kingarms.ee\/wp-content\/uploads\/2020\/06\/gg-electric-rifle-pwd15-ar-gg-pdw15-ar-300x300.jpg\" alt=\"\" width=\"300\" height=\"300\"><\/a><\/p>\n","protected":false},"excerpt":{"rendered":"<p>PWD 15 AR G &amp; amp; G<\/p>\n<p>Pilna met\u0101la korpuss<\/p>\n<p>Keymod dzelzce\u013ca sist\u0113ma<\/p>\n<p>300rds \u017durn\u0101ls<\/p>\n<p>Salok\u0101mi un regul\u0113jami t\u0113m\u0113k\u013ci<\/p>\n<p>Regul\u0113jams hopup<\/p>\n<p>Regul\u0113jams pdw kr\u0101jums<\/p>\n<p>25000 apgr. \/ min hi-griezes momenta gar\u0101s ass motors<\/p>\n<p>Garums 690mm-780mm<\/p>\n<p>Svars 2560g<\/p>\n<p>Iek\u013cauts akumulators un akumulatora l\u0101d\u0113t\u0101js<\/p>\n","protected":false},"featured_media":155005,"template":"","meta":{"_acf_changed":false},"product_brand":[],"product_cat":[1001],"product_tag":[1317],"class_list":{"0":"post-146697","1":"product","2":"type-product","3":"status-publish","4":"has-post-thumbnail","6":"product_cat-tirdzniecibas-automati","7":"product_tag-4blss3ph-lv","9":"first","10":"onbackorder","11":"taxable","12":"shipping-taxable","13":"product-type-simple"},"acf":[],"_links":{"self":[{"href":"https:\/\/kingarms.ee\/lv\/wp-json\/wp\/v2\/product\/146697","targetHints":{"allow":["GET"]}}],"collection":[{"href":"https:\/\/kingarms.ee\/lv\/wp-json\/wp\/v2\/product"}],"about":[{"href":"https:\/\/kingarms.ee\/lv\/wp-json\/wp\/v2\/types\/product"}],"wp:featuredmedia":[{"embeddable":true,"href":"https:\/\/kingarms.ee\/lv\/wp-json\/wp\/v2\/media\/155005"}],"wp:attachment":[{"href":"https:\/\/kingarms.ee\/lv\/wp-json\/wp\/v2\/media?parent=146697"}],"wp:term":[{"taxonomy":"product_brand","embeddable":true,"href":"https:\/\/kingarms.ee\/lv\/wp-json\/wp\/v2\/product_brand?post=146697"},{"taxonomy":"product_cat","embeddable":true,"href":"https:\/\/kingarms.ee\/lv\/wp-json\/wp\/v2\/product_cat?post=146697"},{"taxonomy":"product_tag","embeddable":true,"href":"https:\/\/kingarms.ee\/lv\/wp-json\/wp\/v2\/product_tag?post=146697"}],"curies":[{"name":"wp","href":"https:\/\/api.w.org\/{rel}","templated":true}]}}