{"id":146702,"date":"2019-07-04T22:28:33","date_gmt":"2025-03-08T16:35:55","guid":{"rendered":"https:\/\/kingarms.ee\/product\/300-bbs-hi-cap-aug-salv-cyma\/"},"modified":"2025-03-08T19:35:55","modified_gmt":"2025-03-08T16:35:55","slug":"300-bbs-hi-cap-aug-salv-cyma","status":"publish","type":"product","link":"https:\/\/kingarms.ee\/lv\/product\/300-bbs-hi-cap-aug-salv-cyma\/","title":{"rendered":"300 BBs Hi-Cap AUG salv (Cyma)<br><br>"},"content":{"rendered":"<p><a href=\"https:\/\/kingarms.ee\/wp-content\/uploads\/2019\/07\/FBP23252-150x150.jpg\"><img loading=\"lazy\" decoding=\"async\" class=\"alignnone size-thumbnail wp-image-16460\" src=\"https:\/\/kingarms.ee\/wp-content\/uploads\/2019\/07\/FBP23252-150x150.jpg\" alt=\"\" width=\"150\" height=\"150\"><\/a><\/p>\n","protected":false},"excerpt":{"rendered":"<p>300 BBs Hi-Cap AUG salv (Cyma)<\/p>\n<p>Hi-cap papl\u0101te ar 300 BB lo\u017eu ietilp\u012bbu AUG tipa iero\u010diem.<\/p>\n<p> Papl\u0101te ir izgatavota no ABS materi\u0101la.<\/p>\n","protected":false},"featured_media":110369,"template":"","meta":{"_acf_changed":false},"product_brand":[],"product_cat":[1061],"product_tag":[],"class_list":{"0":"post-146702","1":"product","2":"type-product","3":"status-publish","4":"has-post-thumbnail","6":"product_cat-airsoft-lv","8":"first","9":"onbackorder","10":"taxable","11":"shipping-taxable","12":"product-type-simple"},"acf":[],"_links":{"self":[{"href":"https:\/\/kingarms.ee\/lv\/wp-json\/wp\/v2\/product\/146702","targetHints":{"allow":["GET"]}}],"collection":[{"href":"https:\/\/kingarms.ee\/lv\/wp-json\/wp\/v2\/product"}],"about":[{"href":"https:\/\/kingarms.ee\/lv\/wp-json\/wp\/v2\/types\/product"}],"wp:featuredmedia":[{"embeddable":true,"href":"https:\/\/kingarms.ee\/lv\/wp-json\/wp\/v2\/media\/110369"}],"wp:attachment":[{"href":"https:\/\/kingarms.ee\/lv\/wp-json\/wp\/v2\/media?parent=146702"}],"wp:term":[{"taxonomy":"product_brand","embeddable":true,"href":"https:\/\/kingarms.ee\/lv\/wp-json\/wp\/v2\/product_brand?post=146702"},{"taxonomy":"product_cat","embeddable":true,"href":"https:\/\/kingarms.ee\/lv\/wp-json\/wp\/v2\/product_cat?post=146702"},{"taxonomy":"product_tag","embeddable":true,"href":"https:\/\/kingarms.ee\/lv\/wp-json\/wp\/v2\/product_tag?post=146702"}],"curies":[{"name":"wp","href":"https:\/\/api.w.org\/{rel}","templated":true}]}}