{"id":146706,"date":"2019-07-04T21:49:56","date_gmt":"2025-03-08T16:47:28","guid":{"rendered":"https:\/\/kingarms.ee\/product\/molle-adapteris-momax\/"},"modified":"2025-03-08T19:47:28","modified_gmt":"2025-03-08T16:47:28","slug":"molle-adapteris-momax","status":"publish","type":"product","link":"https:\/\/kingarms.ee\/lv\/product\/molle-adapteris-momax\/","title":{"rendered":"MOLLE adapteris (Momax)<br><br>"},"content":{"rendered":"<p><a href=\"https:\/\/kingarms.ee\/wp-content\/uploads\/2019\/07\/AM-MA1-150x150.jpg\"><img loading=\"lazy\" decoding=\"async\" class=\"alignnone size-thumbnail wp-image-16369\" src=\"https:\/\/kingarms.ee\/wp-content\/uploads\/2019\/07\/AM-MA1-150x150.jpg\" alt=\"\" width=\"150\" height=\"150\"><\/a><\/p>\n","protected":false},"excerpt":{"rendered":"<p>MOLLE adapteris (Momax)<\/p>\n<p>Plastmasas MOLLE adapteris Amomax da\u017e\u0101diem maci\u0146iem.<\/p>\n<p> Ra\u017eot\u0101js ir Amomax.<\/p>\n","protected":false},"featured_media":110329,"template":"","meta":{"_acf_changed":false},"product_brand":[],"product_cat":[1026],"product_tag":[],"class_list":{"0":"post-146706","1":"product","2":"type-product","3":"status-publish","4":"has-post-thumbnail","6":"product_cat-barkstisti","8":"first","9":"instock","10":"taxable","11":"shipping-taxable","12":"purchasable","13":"product-type-simple"},"acf":[],"_links":{"self":[{"href":"https:\/\/kingarms.ee\/lv\/wp-json\/wp\/v2\/product\/146706","targetHints":{"allow":["GET"]}}],"collection":[{"href":"https:\/\/kingarms.ee\/lv\/wp-json\/wp\/v2\/product"}],"about":[{"href":"https:\/\/kingarms.ee\/lv\/wp-json\/wp\/v2\/types\/product"}],"wp:featuredmedia":[{"embeddable":true,"href":"https:\/\/kingarms.ee\/lv\/wp-json\/wp\/v2\/media\/110329"}],"wp:attachment":[{"href":"https:\/\/kingarms.ee\/lv\/wp-json\/wp\/v2\/media?parent=146706"}],"wp:term":[{"taxonomy":"product_brand","embeddable":true,"href":"https:\/\/kingarms.ee\/lv\/wp-json\/wp\/v2\/product_brand?post=146706"},{"taxonomy":"product_cat","embeddable":true,"href":"https:\/\/kingarms.ee\/lv\/wp-json\/wp\/v2\/product_cat?post=146706"},{"taxonomy":"product_tag","embeddable":true,"href":"https:\/\/kingarms.ee\/lv\/wp-json\/wp\/v2\/product_tag?post=146706"}],"curies":[{"name":"wp","href":"https:\/\/api.w.org\/{rel}","templated":true}]}}