{"id":146719,"date":"2019-05-22T12:25:18","date_gmt":"2025-03-08T17:33:20","guid":{"rendered":"https:\/\/kingarms.ee\/product\/udens-maisins-ar-3l-saturu-melns\/"},"modified":"2025-03-08T20:33:20","modified_gmt":"2025-03-08T17:33:20","slug":"udens-maisins-ar-3l-saturu-melns","status":"publish","type":"product","link":"https:\/\/kingarms.ee\/lv\/product\/udens-maisins-ar-3l-saturu-melns\/","title":{"rendered":"\u016adens maisi\u0146\u0161 ar 3L saturu-Melns<br><br>"},"content":{"rendered":"<p><a href=\"https:\/\/kingarms.ee\/wp-content\/uploads\/2019\/05\/1152194812_1-300x205.jpg\"><img loading=\"lazy\" decoding=\"async\" class=\"size-medium wp-image-15421\" src=\"https:\/\/kingarms.ee\/wp-content\/uploads\/2019\/05\/1152194812_1-300x205.jpg\" alt=\"\" width=\"300\" height=\"205\" srcset=\"https:\/\/kingarms.ee\/wp-content\/uploads\/2019\/05\/1152194812_1-300x205.jpg 300w, https:\/\/kingarms.ee\/wp-content\/uploads\/2019\/05\/1152194812_1-150x102.jpg 150w, https:\/\/kingarms.ee\/wp-content\/uploads\/2019\/05\/1152194812_1-500x341.jpg 500w, https:\/\/kingarms.ee\/wp-content\/uploads\/2019\/05\/1152194812_1.jpg 550w\" sizes=\"auto, (max-width: 300px) 100vw, 300px\" \/><\/a><\/p>\n","protected":false},"excerpt":{"rendered":"<p>\u016adens maisi\u0146\u0161 ar ietilp\u012bbu 2,5 l, ko var p\u0101rvad\u0101t un piestiprin\u0101t pie vestes.<\/p>\n","protected":false},"featured_media":109938,"template":"","meta":{"_acf_changed":false},"product_brand":[],"product_cat":[1098,1102],"product_tag":[],"class_list":{"0":"post-146719","1":"product","2":"type-product","3":"status-publish","4":"has-post-thumbnail","6":"product_cat-maisini-somas-un-siksnas","7":"product_cat-udens-maisini","9":"first","10":"instock","11":"taxable","12":"shipping-taxable","13":"purchasable","14":"product-type-simple"},"acf":[],"_links":{"self":[{"href":"https:\/\/kingarms.ee\/lv\/wp-json\/wp\/v2\/product\/146719","targetHints":{"allow":["GET"]}}],"collection":[{"href":"https:\/\/kingarms.ee\/lv\/wp-json\/wp\/v2\/product"}],"about":[{"href":"https:\/\/kingarms.ee\/lv\/wp-json\/wp\/v2\/types\/product"}],"wp:featuredmedia":[{"embeddable":true,"href":"https:\/\/kingarms.ee\/lv\/wp-json\/wp\/v2\/media\/109938"}],"wp:attachment":[{"href":"https:\/\/kingarms.ee\/lv\/wp-json\/wp\/v2\/media?parent=146719"}],"wp:term":[{"taxonomy":"product_brand","embeddable":true,"href":"https:\/\/kingarms.ee\/lv\/wp-json\/wp\/v2\/product_brand?post=146719"},{"taxonomy":"product_cat","embeddable":true,"href":"https:\/\/kingarms.ee\/lv\/wp-json\/wp\/v2\/product_cat?post=146719"},{"taxonomy":"product_tag","embeddable":true,"href":"https:\/\/kingarms.ee\/lv\/wp-json\/wp\/v2\/product_tag?post=146719"}],"curies":[{"name":"wp","href":"https:\/\/api.w.org\/{rel}","templated":true}]}}