{"id":146723,"date":"2019-05-20T11:15:16","date_gmt":"2025-03-08T17:49:19","guid":{"rendered":"https:\/\/kingarms.ee\/product\/trummel-kiirlaadija-6mm-1000bs-gfc\/"},"modified":"2025-03-08T20:49:19","modified_gmt":"2025-03-08T17:49:19","slug":"trummel-kiirlaadija-6mm-1000bs-gfc","status":"publish","type":"product","link":"https:\/\/kingarms.ee\/lv\/product\/trummel-kiirlaadija-6mm-1000bs-gfc\/","title":{"rendered":"Trummel kiirlaadija 6mm \/ 1000BS (GFC)<br><br>"},"content":{"rendered":"<p><a href=\"https:\/\/kingarms.ee\/wp-content\/uploads\/2019\/05\/1152214604_2-300x200.jpg\"><img loading=\"lazy\" decoding=\"async\" class=\"alignnone size-medium wp-image-15272\" src=\"https:\/\/kingarms.ee\/wp-content\/uploads\/2019\/05\/1152214604_2-300x200.jpg\" alt=\"\" width=\"300\" height=\"200\" srcset=\"https:\/\/kingarms.ee\/wp-content\/uploads\/2019\/05\/1152214604_2-300x200.jpg 300w, https:\/\/kingarms.ee\/wp-content\/uploads\/2019\/05\/1152214604_2-150x100.jpg 150w, https:\/\/kingarms.ee\/wp-content\/uploads\/2019\/05\/1152214604_2-500x333.jpg 500w, https:\/\/kingarms.ee\/wp-content\/uploads\/2019\/05\/1152214604_2-768x512.jpg 768w, https:\/\/kingarms.ee\/wp-content\/uploads\/2019\/05\/1152214604_2.jpg 800w\" sizes=\"auto, (max-width: 300px) 100vw, 300px\" \/><\/a><\/p>\n","protected":false},"excerpt":{"rendered":"<p>Bungas \u0101trais l\u0101d\u0113t\u0101js ir \u013coti interesanta alternat\u012bva standarta \u0101trajiem l\u0101d\u0113t\u0101jiem.<\/p>\n<p> Ier\u012bce ir apr\u012bkota ar klo\u0137i.<\/p>\n<p> At\u0161\u0137ir\u012bb\u0101 no standarta \u0101trajiem l\u0101d\u0113t\u0101jiem, dotais \u0101trais l\u0101d\u0113t\u0101js var uz\u0146emt apm\u0113ram 1000 BB, un l\u0101di\u0146u var uzl\u0101d\u0113t standarta vid\u0113j\u0101 vai HI-Cap papl\u0101t\u0113 4-5 sekun\u017eu laik\u0101.<\/p>\n","protected":false},"featured_media":134294,"template":"","meta":{"_acf_changed":false},"product_brand":[],"product_cat":[1061],"product_tag":[],"class_list":{"0":"post-146723","1":"product","2":"type-product","3":"status-publish","4":"has-post-thumbnail","6":"product_cat-airsoft-lv","8":"first","9":"instock","10":"taxable","11":"shipping-taxable","12":"purchasable","13":"product-type-simple"},"acf":[],"_links":{"self":[{"href":"https:\/\/kingarms.ee\/lv\/wp-json\/wp\/v2\/product\/146723","targetHints":{"allow":["GET"]}}],"collection":[{"href":"https:\/\/kingarms.ee\/lv\/wp-json\/wp\/v2\/product"}],"about":[{"href":"https:\/\/kingarms.ee\/lv\/wp-json\/wp\/v2\/types\/product"}],"wp:featuredmedia":[{"embeddable":true,"href":"https:\/\/kingarms.ee\/lv\/wp-json\/wp\/v2\/media\/134294"}],"wp:attachment":[{"href":"https:\/\/kingarms.ee\/lv\/wp-json\/wp\/v2\/media?parent=146723"}],"wp:term":[{"taxonomy":"product_brand","embeddable":true,"href":"https:\/\/kingarms.ee\/lv\/wp-json\/wp\/v2\/product_brand?post=146723"},{"taxonomy":"product_cat","embeddable":true,"href":"https:\/\/kingarms.ee\/lv\/wp-json\/wp\/v2\/product_cat?post=146723"},{"taxonomy":"product_tag","embeddable":true,"href":"https:\/\/kingarms.ee\/lv\/wp-json\/wp\/v2\/product_tag?post=146723"}],"curies":[{"name":"wp","href":"https:\/\/api.w.org\/{rel}","templated":true}]}}