{"id":146725,"date":"2019-05-15T16:21:00","date_gmt":"2025-03-08T17:56:36","guid":{"rendered":"https:\/\/kingarms.ee\/product\/v2-silindripea-double-seal-cnc-shs\/"},"modified":"2025-03-08T20:56:36","modified_gmt":"2025-03-08T17:56:36","slug":"v2-silindripea-double-seal-cnc-shs","status":"publish","type":"product","link":"https:\/\/kingarms.ee\/lv\/product\/v2-silindripea-double-seal-cnc-shs\/","title":{"rendered":"V2 silindripea double-seal CNC (SHS)<br><br>"},"content":{"rendered":"<p><a href=\"https:\/\/kingarms.ee\/wp-content\/uploads\/2019\/05\/1152204603_2-300x200.jpg\"><img loading=\"lazy\" decoding=\"async\" class=\"alignnone size-medium wp-image-15196\" src=\"https:\/\/kingarms.ee\/wp-content\/uploads\/2019\/05\/1152204603_2-300x200.jpg\" alt=\"\" width=\"300\" height=\"200\" srcset=\"https:\/\/kingarms.ee\/wp-content\/uploads\/2019\/05\/1152204603_2-300x200.jpg 300w, https:\/\/kingarms.ee\/wp-content\/uploads\/2019\/05\/1152204603_2-150x100.jpg 150w, https:\/\/kingarms.ee\/wp-content\/uploads\/2019\/05\/1152204603_2-500x333.jpg 500w, https:\/\/kingarms.ee\/wp-content\/uploads\/2019\/05\/1152204603_2-768x512.jpg 768w, https:\/\/kingarms.ee\/wp-content\/uploads\/2019\/05\/1152204603_2.jpg 800w\" sizes=\"auto, (max-width: 300px) 100vw, 300px\" \/><\/a><\/p>\n","protected":false},"excerpt":{"rendered":"<p>V2 silindripea double-seal CNC (SHS)<\/p>\n<p>Divk\u0101r\u0161\u0101s kompresijas cilindra galva, izgatavota no augstas kvalit\u0101tes alum\u012bnija, paredz\u0113ta M4 \/ M16 tipa iero\u010diem.<\/p>\n<p> Tas ir izgatavots ar CNC ma\u0161\u012bn\u0101m ar augstu precizit\u0101ti, kas nodro\u0161ina perfektu atbilst\u012bbu cilindram.<\/p>\n","protected":false},"featured_media":109862,"template":"","meta":{"_acf_changed":false},"product_brand":[],"product_cat":[1107],"product_tag":[],"class_list":{"0":"post-146725","1":"product","2":"type-product","3":"status-publish","4":"has-post-thumbnail","6":"product_cat-noregulesana","8":"first","9":"instock","10":"taxable","11":"shipping-taxable","12":"purchasable","13":"product-type-simple"},"acf":[],"_links":{"self":[{"href":"https:\/\/kingarms.ee\/lv\/wp-json\/wp\/v2\/product\/146725","targetHints":{"allow":["GET"]}}],"collection":[{"href":"https:\/\/kingarms.ee\/lv\/wp-json\/wp\/v2\/product"}],"about":[{"href":"https:\/\/kingarms.ee\/lv\/wp-json\/wp\/v2\/types\/product"}],"wp:featuredmedia":[{"embeddable":true,"href":"https:\/\/kingarms.ee\/lv\/wp-json\/wp\/v2\/media\/109862"}],"wp:attachment":[{"href":"https:\/\/kingarms.ee\/lv\/wp-json\/wp\/v2\/media?parent=146725"}],"wp:term":[{"taxonomy":"product_brand","embeddable":true,"href":"https:\/\/kingarms.ee\/lv\/wp-json\/wp\/v2\/product_brand?post=146725"},{"taxonomy":"product_cat","embeddable":true,"href":"https:\/\/kingarms.ee\/lv\/wp-json\/wp\/v2\/product_cat?post=146725"},{"taxonomy":"product_tag","embeddable":true,"href":"https:\/\/kingarms.ee\/lv\/wp-json\/wp\/v2\/product_tag?post=146725"}],"curies":[{"name":"wp","href":"https:\/\/api.w.org\/{rel}","templated":true}]}}