{"id":146733,"date":"2019-04-18T21:32:32","date_gmt":"2025-03-08T18:17:43","guid":{"rendered":"https:\/\/kingarms.ee\/product\/universala-augsstilba-apkakle-melna\/"},"modified":"2025-03-08T21:17:43","modified_gmt":"2025-03-08T18:17:43","slug":"universala-augsstilba-apkakle-melna","status":"publish","type":"product","link":"https:\/\/kingarms.ee\/lv\/product\/universala-augsstilba-apkakle-melna\/","title":{"rendered":"Univers\u0101la aug\u0161stilba apkakle-Melna<br><br>"},"content":{"rendered":"<p><a href=\"https:\/\/kingarms.ee\/wp-content\/uploads\/2019\/04\/1152190017_1-300x200.jpg\"><img loading=\"lazy\" decoding=\"async\" class=\"alignnone size-medium wp-image-14405\" src=\"https:\/\/kingarms.ee\/wp-content\/uploads\/2019\/04\/1152190017_1-300x200.jpg\" alt=\"\" width=\"300\" height=\"200\" srcset=\"https:\/\/kingarms.ee\/wp-content\/uploads\/2019\/04\/1152190017_1-300x200.jpg 300w, https:\/\/kingarms.ee\/wp-content\/uploads\/2019\/04\/1152190017_1-150x100.jpg 150w, https:\/\/kingarms.ee\/wp-content\/uploads\/2019\/04\/1152190017_1-500x333.jpg 500w, https:\/\/kingarms.ee\/wp-content\/uploads\/2019\/04\/1152190017_1-768x512.jpg 768w, https:\/\/kingarms.ee\/wp-content\/uploads\/2019\/04\/1152190017_1.jpg 800w\" sizes=\"auto, (max-width: 300px) 100vw, 300px\" \/><\/a><\/p>\n","protected":false},"excerpt":{"rendered":"<div class=\"woocommerce-product-details__short-description\">\n<p>Univers\u0101la aug\u0161stilba apkakle-Melna<\/p>\n<p>Univers\u0101la aug\u0161stilba apkakle meln\u0101 kr\u0101s\u0101.<\/p>\n<p> Maksts ir viegli apstr\u0101d\u0101jams.<\/p>\n<p> Lietot\u0101js var no\u0146emt, k\u0101 ar\u012b pacelt da\u017e\u0101das ap\u013ca apvalka da\u013cas p\u0113c v\u0113l\u0113\u0161an\u0101s un iesp\u0113jas.<\/p>\n<p> Maci\u0146\u0161 ir univers\u0101ls, piem\u0113rots liel\u0101kajai da\u013cai pistoles.<\/p>\n<p> Satv\u0113rienu ap k\u0101ju var viegli iestat\u012bt, piem\u0113rots gan maz\u0101kiem, gan liel\u0101kiem sp\u0113l\u0113t\u0101jiem.<\/p>\n<\/div>\n","protected":false},"featured_media":109550,"template":"","meta":{"_acf_changed":false},"product_brand":[],"product_cat":[1026],"product_tag":[],"class_list":{"0":"post-146733","1":"product","2":"type-product","3":"status-publish","4":"has-post-thumbnail","6":"product_cat-barkstisti","8":"first","9":"instock","10":"taxable","11":"shipping-taxable","12":"purchasable","13":"product-type-simple"},"acf":[],"_links":{"self":[{"href":"https:\/\/kingarms.ee\/lv\/wp-json\/wp\/v2\/product\/146733","targetHints":{"allow":["GET"]}}],"collection":[{"href":"https:\/\/kingarms.ee\/lv\/wp-json\/wp\/v2\/product"}],"about":[{"href":"https:\/\/kingarms.ee\/lv\/wp-json\/wp\/v2\/types\/product"}],"wp:featuredmedia":[{"embeddable":true,"href":"https:\/\/kingarms.ee\/lv\/wp-json\/wp\/v2\/media\/109550"}],"wp:attachment":[{"href":"https:\/\/kingarms.ee\/lv\/wp-json\/wp\/v2\/media?parent=146733"}],"wp:term":[{"taxonomy":"product_brand","embeddable":true,"href":"https:\/\/kingarms.ee\/lv\/wp-json\/wp\/v2\/product_brand?post=146733"},{"taxonomy":"product_cat","embeddable":true,"href":"https:\/\/kingarms.ee\/lv\/wp-json\/wp\/v2\/product_cat?post=146733"},{"taxonomy":"product_tag","embeddable":true,"href":"https:\/\/kingarms.ee\/lv\/wp-json\/wp\/v2\/product_tag?post=146733"}],"curies":[{"name":"wp","href":"https:\/\/api.w.org\/{rel}","templated":true}]}}