{"id":146739,"date":"2019-04-04T20:40:43","date_gmt":"2025-03-08T18:29:09","guid":{"rendered":"https:\/\/kingarms.ee\/product\/udens-maisins-3l\/"},"modified":"2025-03-08T21:29:09","modified_gmt":"2025-03-08T18:29:09","slug":"udens-maisins-3l","status":"publish","type":"product","link":"https:\/\/kingarms.ee\/lv\/product\/udens-maisins-3l\/","title":{"rendered":"\u016adens maisi\u0146\u0161 3l<br><br>"},"content":{"rendered":"<p><a href=\"https:\/\/kingarms.ee\/wp-content\/uploads\/2019\/04\/M51617076-BK1-300x225.jpg\"><img loading=\"lazy\" decoding=\"async\" class=\"alignnone size-medium wp-image-14292\" src=\"https:\/\/kingarms.ee\/wp-content\/uploads\/2019\/04\/M51617076-BK1-300x225.jpg\" alt=\"\" width=\"300\" height=\"225\" srcset=\"https:\/\/kingarms.ee\/wp-content\/uploads\/2019\/04\/M51617076-BK1-300x225.jpg 300w, https:\/\/kingarms.ee\/wp-content\/uploads\/2019\/04\/M51617076-BK1-150x113.jpg 150w, https:\/\/kingarms.ee\/wp-content\/uploads\/2019\/04\/M51617076-BK1-500x375.jpg 500w, https:\/\/kingarms.ee\/wp-content\/uploads\/2019\/04\/M51617076-BK1-600x450.jpg 600w, https:\/\/kingarms.ee\/wp-content\/uploads\/2019\/04\/M51617076-BK1.jpg 640w\" sizes=\"auto, (max-width: 300px) 100vw, 300px\" \/><\/a><\/p>\n","protected":false},"excerpt":{"rendered":"<p>\u016adens maisi\u0146\u0161 ar ietilp\u012bbu 3l<\/p>\n","protected":false},"featured_media":109535,"template":"","meta":{"_acf_changed":false},"product_brand":[],"product_cat":[1098,1102],"product_tag":[],"class_list":{"0":"post-146739","1":"product","2":"type-product","3":"status-publish","4":"has-post-thumbnail","6":"product_cat-maisini-somas-un-siksnas","7":"product_cat-udens-maisini","9":"first","10":"onbackorder","11":"taxable","12":"shipping-taxable","13":"product-type-simple"},"acf":[],"_links":{"self":[{"href":"https:\/\/kingarms.ee\/lv\/wp-json\/wp\/v2\/product\/146739","targetHints":{"allow":["GET"]}}],"collection":[{"href":"https:\/\/kingarms.ee\/lv\/wp-json\/wp\/v2\/product"}],"about":[{"href":"https:\/\/kingarms.ee\/lv\/wp-json\/wp\/v2\/types\/product"}],"wp:featuredmedia":[{"embeddable":true,"href":"https:\/\/kingarms.ee\/lv\/wp-json\/wp\/v2\/media\/109535"}],"wp:attachment":[{"href":"https:\/\/kingarms.ee\/lv\/wp-json\/wp\/v2\/media?parent=146739"}],"wp:term":[{"taxonomy":"product_brand","embeddable":true,"href":"https:\/\/kingarms.ee\/lv\/wp-json\/wp\/v2\/product_brand?post=146739"},{"taxonomy":"product_cat","embeddable":true,"href":"https:\/\/kingarms.ee\/lv\/wp-json\/wp\/v2\/product_cat?post=146739"},{"taxonomy":"product_tag","embeddable":true,"href":"https:\/\/kingarms.ee\/lv\/wp-json\/wp\/v2\/product_tag?post=146739"}],"curies":[{"name":"wp","href":"https:\/\/api.w.org\/{rel}","templated":true}]}}