{"id":146759,"date":"2019-03-03T18:42:41","date_gmt":"2025-03-08T19:05:06","guid":{"rendered":"https:\/\/kingarms.ee\/product\/veekott-3l-multicam\/"},"modified":"2025-03-08T22:05:06","modified_gmt":"2025-03-08T19:05:06","slug":"veekott-3l-multicam","status":"publish","type":"product","link":"https:\/\/kingarms.ee\/lv\/product\/veekott-3l-multicam\/","title":{"rendered":"Veekott 3l-Multicam<br><br>"},"content":{"rendered":"<p><a href=\"https:\/\/kingarms.ee\/wp-content\/uploads\/2019\/03\/M51613206-CP1-300x225.jpg\"><img loading=\"lazy\" decoding=\"async\" class=\"alignnone size-medium wp-image-12483\" src=\"https:\/\/kingarms.ee\/wp-content\/uploads\/2019\/03\/M51613206-CP1-300x225.jpg\" alt=\"\" width=\"300\" height=\"225\" srcset=\"https:\/\/kingarms.ee\/wp-content\/uploads\/2019\/03\/M51613206-CP1-300x225.jpg 300w, https:\/\/kingarms.ee\/wp-content\/uploads\/2019\/03\/M51613206-CP1-150x113.jpg 150w, https:\/\/kingarms.ee\/wp-content\/uploads\/2019\/03\/M51613206-CP1-500x375.jpg 500w, https:\/\/kingarms.ee\/wp-content\/uploads\/2019\/03\/M51613206-CP1-600x450.jpg 600w, https:\/\/kingarms.ee\/wp-content\/uploads\/2019\/03\/M51613206-CP1.jpg 640w\" sizes=\"auto, (max-width: 300px) 100vw, 300px\" \/><\/a><\/p>\n","protected":false},"excerpt":{"rendered":"<p>Veekott 3l-Multicam<\/p>\n<p>\u016adens maisi\u0146\u0161 ar ietilp\u012bbu 3l<\/p>\n<p>Somai ir Molle sist\u0113ma.<\/p>\n","protected":false},"featured_media":108787,"template":"","meta":{"_acf_changed":false},"product_brand":[],"product_cat":[1098,1102],"product_tag":[],"class_list":{"0":"post-146759","1":"product","2":"type-product","3":"status-publish","4":"has-post-thumbnail","6":"product_cat-maisini-somas-un-siksnas","7":"product_cat-udens-maisini","9":"first","10":"instock","11":"taxable","12":"shipping-taxable","13":"purchasable","14":"product-type-simple"},"acf":[],"_links":{"self":[{"href":"https:\/\/kingarms.ee\/lv\/wp-json\/wp\/v2\/product\/146759","targetHints":{"allow":["GET"]}}],"collection":[{"href":"https:\/\/kingarms.ee\/lv\/wp-json\/wp\/v2\/product"}],"about":[{"href":"https:\/\/kingarms.ee\/lv\/wp-json\/wp\/v2\/types\/product"}],"wp:featuredmedia":[{"embeddable":true,"href":"https:\/\/kingarms.ee\/lv\/wp-json\/wp\/v2\/media\/108787"}],"wp:attachment":[{"href":"https:\/\/kingarms.ee\/lv\/wp-json\/wp\/v2\/media?parent=146759"}],"wp:term":[{"taxonomy":"product_brand","embeddable":true,"href":"https:\/\/kingarms.ee\/lv\/wp-json\/wp\/v2\/product_brand?post=146759"},{"taxonomy":"product_cat","embeddable":true,"href":"https:\/\/kingarms.ee\/lv\/wp-json\/wp\/v2\/product_cat?post=146759"},{"taxonomy":"product_tag","embeddable":true,"href":"https:\/\/kingarms.ee\/lv\/wp-json\/wp\/v2\/product_tag?post=146759"}],"curies":[{"name":"wp","href":"https:\/\/api.w.org\/{rel}","templated":true}]}}