{"id":146779,"date":"2019-03-03T17:03:18","date_gmt":"2025-03-08T19:27:01","guid":{"rendered":"https:\/\/kingarms.ee\/product\/disku-nesejs-multicam\/"},"modified":"2025-03-08T22:27:01","modified_gmt":"2025-03-08T19:27:01","slug":"disku-nesejs-multicam","status":"publish","type":"product","link":"https:\/\/kingarms.ee\/lv\/product\/disku-nesejs-multicam\/","title":{"rendered":"Disku nes\u0113js-multicam<br><br>"},"content":{"rendered":"<p><a href=\"https:\/\/kingarms.ee\/wp-content\/uploads\/2019\/03\/M51611014-CP14-300x225.jpg\"><img loading=\"lazy\" decoding=\"async\" class=\"alignnone size-medium wp-image-12309\" src=\"https:\/\/kingarms.ee\/wp-content\/uploads\/2019\/03\/M51611014-CP14-300x225.jpg\" alt=\"\" width=\"300\" height=\"225\" srcset=\"https:\/\/kingarms.ee\/wp-content\/uploads\/2019\/03\/M51611014-CP14-300x225.jpg 300w, https:\/\/kingarms.ee\/wp-content\/uploads\/2019\/03\/M51611014-CP14-150x113.jpg 150w, https:\/\/kingarms.ee\/wp-content\/uploads\/2019\/03\/M51611014-CP14-500x375.jpg 500w, https:\/\/kingarms.ee\/wp-content\/uploads\/2019\/03\/M51611014-CP14-600x450.jpg 600w, https:\/\/kingarms.ee\/wp-content\/uploads\/2019\/03\/M51611014-CP14.jpg 640w\" sizes=\"auto, (max-width: 300px) 100vw, 300px\" \/><\/a><\/p>\n","protected":false},"excerpt":{"rendered":"<p>Disku nes\u0113js-multicam<\/p>\n<p>Tipiska veste, ko izmanto j\u016bras sp\u0113ku SEAL un Delta Force.<\/p>\n<p> Tas ir apr\u012bkots ar div\u0101m liel\u0101m kabat\u0101m priek\u0161pus\u0113 un aizmugur\u0113 ballistisko ielikt\u0146iem standarta 10&#215;12.<\/p>\n<p> \u0160\u012b ir viena no \u0113rt\u0101kaj\u0101m vest\u0113m klas\u0113.<\/p>\n<p> \u012apa\u0161i popul\u0101rs ar ASV \u012bpa\u0161ajiem sp\u0113kiem.<\/p>\n<p> Vestes priek\u0161\u0101 ir liels Velcro jebkura veida z\u012bmei utt.<\/p>\n<p> Vestes aizmugur\u0113 ir \u012bpa\u0161a kakla aizsardz\u012bba.<\/p>\n<p> Ietver m\u012bkstus manekena ballistiskos ielikt\u0146us.<\/p>\n<p> Veste piem\u0113rota da\u017e\u0101da lieluma cilv\u0113kiem.<\/p>\n","protected":false},"featured_media":108715,"template":"","meta":{"_acf_changed":false},"product_brand":[],"product_cat":[1093],"product_tag":[],"class_list":{"0":"post-146779","1":"product","2":"type-product","3":"status-publish","4":"has-post-thumbnail","6":"product_cat-vestes-un-zirglietas","8":"first","9":"onbackorder","10":"taxable","11":"shipping-taxable","12":"product-type-simple"},"acf":[],"_links":{"self":[{"href":"https:\/\/kingarms.ee\/lv\/wp-json\/wp\/v2\/product\/146779","targetHints":{"allow":["GET"]}}],"collection":[{"href":"https:\/\/kingarms.ee\/lv\/wp-json\/wp\/v2\/product"}],"about":[{"href":"https:\/\/kingarms.ee\/lv\/wp-json\/wp\/v2\/types\/product"}],"wp:featuredmedia":[{"embeddable":true,"href":"https:\/\/kingarms.ee\/lv\/wp-json\/wp\/v2\/media\/108715"}],"wp:attachment":[{"href":"https:\/\/kingarms.ee\/lv\/wp-json\/wp\/v2\/media?parent=146779"}],"wp:term":[{"taxonomy":"product_brand","embeddable":true,"href":"https:\/\/kingarms.ee\/lv\/wp-json\/wp\/v2\/product_brand?post=146779"},{"taxonomy":"product_cat","embeddable":true,"href":"https:\/\/kingarms.ee\/lv\/wp-json\/wp\/v2\/product_cat?post=146779"},{"taxonomy":"product_tag","embeddable":true,"href":"https:\/\/kingarms.ee\/lv\/wp-json\/wp\/v2\/product_tag?post=146779"}],"curies":[{"name":"wp","href":"https:\/\/api.w.org\/{rel}","templated":true}]}}