{"id":146787,"date":"2018-12-29T19:45:03","date_gmt":"2025-03-08T19:45:53","guid":{"rendered":"https:\/\/kingarms.ee\/product\/kaujas-jaka-cad\/"},"modified":"2025-03-08T22:45:53","modified_gmt":"2025-03-08T19:45:53","slug":"kaujas-jaka-cad","status":"publish","type":"product","link":"https:\/\/kingarms.ee\/lv\/product\/kaujas-jaka-cad\/","title":{"rendered":"Kaujas jaka-CAD<br><br>"},"content":{"rendered":"<p><a href=\"https:\/\/kingarms.ee\/wp-content\/uploads\/2018\/12\/Revenger-TDU-Shirt-CAD-ig9553large1-300x210.png\"><img loading=\"lazy\" decoding=\"async\" class=\"alignnone size-medium wp-image-11010\" src=\"https:\/\/kingarms.ee\/wp-content\/uploads\/2018\/12\/Revenger-TDU-Shirt-CAD-ig9553large1-300x210.png\" alt=\"\" width=\"300\" height=\"210\" srcset=\"https:\/\/kingarms.ee\/wp-content\/uploads\/2018\/12\/Revenger-TDU-Shirt-CAD-ig9553large1-300x210.png 300w, https:\/\/kingarms.ee\/wp-content\/uploads\/2018\/12\/Revenger-TDU-Shirt-CAD-ig9553large1-150x105.png 150w, https:\/\/kingarms.ee\/wp-content\/uploads\/2018\/12\/Revenger-TDU-Shirt-CAD-ig9553large1-500x350.png 500w, https:\/\/kingarms.ee\/wp-content\/uploads\/2018\/12\/Revenger-TDU-Shirt-CAD-ig9553large1-768x538.png 768w, https:\/\/kingarms.ee\/wp-content\/uploads\/2018\/12\/Revenger-TDU-Shirt-CAD-ig9553large1-1024x717.png 1024w, https:\/\/kingarms.ee\/wp-content\/uploads\/2018\/12\/Revenger-TDU-Shirt-CAD-ig9553large1.png 1400w\" sizes=\"auto, (max-width: 300px) 100vw, 300px\" \/><\/a><\/p>\n","protected":false},"excerpt":{"rendered":"<p>Kaujas jaka-CAD<\/p>\n<p>\u013boti \u0113rts un popul\u0101rs variants no vasaras t\u0113rpu komplekta &#8211; jaka.<\/p>\n<p> Produkts ir izgatavots no kokvilnas un poliestera.<\/p>\n<p> Jakai ir Vair\u0101kas kabatas un Velcro stiprin\u0101jumi.<\/p>\n<p> Jaka ir Kan\u0101das Digit\u0101lais pl\u0101ksteris.<\/p>\n<p> Suurused: S-M-L-XL<\/p>\n","protected":false},"featured_media":116519,"template":"","meta":{"_acf_changed":false},"product_brand":[],"product_cat":[1075],"product_tag":[],"class_list":{"0":"post-146787","1":"product","2":"type-product","3":"status-publish","4":"has-post-thumbnail","6":"product_cat-clothes-footwear-lv","8":"first","9":"instock","10":"taxable","11":"shipping-taxable","12":"purchasable","13":"product-type-variable","14":"has-default-attributes"},"acf":[],"_links":{"self":[{"href":"https:\/\/kingarms.ee\/lv\/wp-json\/wp\/v2\/product\/146787","targetHints":{"allow":["GET"]}}],"collection":[{"href":"https:\/\/kingarms.ee\/lv\/wp-json\/wp\/v2\/product"}],"about":[{"href":"https:\/\/kingarms.ee\/lv\/wp-json\/wp\/v2\/types\/product"}],"wp:featuredmedia":[{"embeddable":true,"href":"https:\/\/kingarms.ee\/lv\/wp-json\/wp\/v2\/media\/116519"}],"wp:attachment":[{"href":"https:\/\/kingarms.ee\/lv\/wp-json\/wp\/v2\/media?parent=146787"}],"wp:term":[{"taxonomy":"product_brand","embeddable":true,"href":"https:\/\/kingarms.ee\/lv\/wp-json\/wp\/v2\/product_brand?post=146787"},{"taxonomy":"product_cat","embeddable":true,"href":"https:\/\/kingarms.ee\/lv\/wp-json\/wp\/v2\/product_cat?post=146787"},{"taxonomy":"product_tag","embeddable":true,"href":"https:\/\/kingarms.ee\/lv\/wp-json\/wp\/v2\/product_tag?post=146787"}],"curies":[{"name":"wp","href":"https:\/\/api.w.org\/{rel}","templated":true}]}}