{"id":146802,"date":"2019-07-24T23:23:38","date_gmt":"2025-03-09T15:26:16","guid":{"rendered":"https:\/\/kingarms.ee\/product\/l96-hop-up-kamber-ricibas-armija\/"},"modified":"2025-03-09T18:26:16","modified_gmt":"2025-03-09T15:26:16","slug":"l96-hop-up-kamber-ricibas-armija","status":"publish","type":"product","link":"https:\/\/kingarms.ee\/lv\/product\/l96-hop-up-kamber-ricibas-armija\/","title":{"rendered":"L96 Hop up kamber (r\u012bc\u012bbas Armija)<br><br>"},"content":{"rendered":"<p><a href=\"https:\/\/kingarms.ee\/wp-content\/uploads\/2019\/07\/44381-2-300x207.jpg\"><img loading=\"lazy\" decoding=\"async\" class=\"alignnone size-medium wp-image-17209\" src=\"https:\/\/kingarms.ee\/wp-content\/uploads\/2019\/07\/44381-2-300x207.jpg\" alt=\"\" width=\"300\" height=\"207\" srcset=\"https:\/\/kingarms.ee\/wp-content\/uploads\/2019\/07\/44381-2-300x207.jpg 300w, https:\/\/kingarms.ee\/wp-content\/uploads\/2019\/07\/44381-2-150x104.jpg 150w, https:\/\/kingarms.ee\/wp-content\/uploads\/2019\/07\/44381-2-500x345.jpg 500w, https:\/\/kingarms.ee\/wp-content\/uploads\/2019\/07\/44381-2-768x531.jpg 768w, https:\/\/kingarms.ee\/wp-content\/uploads\/2019\/07\/44381-2.jpg 1024w\" sizes=\"auto, (max-width: 300px) 100vw, 300px\" \/><\/a><\/p>\n","protected":false},"excerpt":{"rendered":"<p>L96 Hop up kamber (r\u012bc\u012bbas Armija)<\/p>\n<p>Darb\u012bba armijas augstas kvalit\u0101tes CNC alum\u012bnija L96 snaiperis iero\u010di hopup kamer\u0101.<\/p>\n<p> Hopup tiek noregul\u0113ts ar \u012bpa\u0161u tausti\u0146u no apak\u0161as.<\/p>\n<p> \u0145emot hopup kamer\u0101 izmanto Aeg iek\u0161\u0113jo cauruli, Aeg hopup gumijas.<\/p>\n<p> Piem\u0113rots snaipera \u0161autenes tuningam.<\/p>\n<p>Svars: 42g<\/p>\n","protected":false},"featured_media":110689,"template":"","meta":{"_acf_changed":false},"product_brand":[],"product_cat":[1107],"product_tag":[],"class_list":{"0":"post-146802","1":"product","2":"type-product","3":"status-publish","4":"has-post-thumbnail","6":"product_cat-noregulesana","8":"first","9":"onbackorder","10":"taxable","11":"shipping-taxable","12":"product-type-simple"},"acf":[],"_links":{"self":[{"href":"https:\/\/kingarms.ee\/lv\/wp-json\/wp\/v2\/product\/146802","targetHints":{"allow":["GET"]}}],"collection":[{"href":"https:\/\/kingarms.ee\/lv\/wp-json\/wp\/v2\/product"}],"about":[{"href":"https:\/\/kingarms.ee\/lv\/wp-json\/wp\/v2\/types\/product"}],"wp:featuredmedia":[{"embeddable":true,"href":"https:\/\/kingarms.ee\/lv\/wp-json\/wp\/v2\/media\/110689"}],"wp:attachment":[{"href":"https:\/\/kingarms.ee\/lv\/wp-json\/wp\/v2\/media?parent=146802"}],"wp:term":[{"taxonomy":"product_brand","embeddable":true,"href":"https:\/\/kingarms.ee\/lv\/wp-json\/wp\/v2\/product_brand?post=146802"},{"taxonomy":"product_cat","embeddable":true,"href":"https:\/\/kingarms.ee\/lv\/wp-json\/wp\/v2\/product_cat?post=146802"},{"taxonomy":"product_tag","embeddable":true,"href":"https:\/\/kingarms.ee\/lv\/wp-json\/wp\/v2\/product_tag?post=146802"}],"curies":[{"name":"wp","href":"https:\/\/api.w.org\/{rel}","templated":true}]}}