{"id":146817,"date":"2019-07-08T10:32:18","date_gmt":"2025-03-09T16:07:22","guid":{"rendered":"https:\/\/kingarms.ee\/product\/cnc-hop-up-kamber-ak\/"},"modified":"2025-03-09T19:07:22","modified_gmt":"2025-03-09T16:07:22","slug":"cnc-hop-up-kamber-ak","status":"publish","type":"product","link":"https:\/\/kingarms.ee\/lv\/product\/cnc-hop-up-kamber-ak\/","title":{"rendered":"CNC Hop-Up kamber (AK)<br><br>"},"content":{"rendered":"<p><a href=\"https:\/\/kingarms.ee\/wp-content\/uploads\/2019\/07\/1152214530_1-300x200.jpg\"><img loading=\"lazy\" decoding=\"async\" class=\"alignnone size-medium wp-image-16840\" src=\"https:\/\/kingarms.ee\/wp-content\/uploads\/2019\/07\/1152214530_1-300x200.jpg\" alt=\"\" width=\"300\" height=\"200\" srcset=\"https:\/\/kingarms.ee\/wp-content\/uploads\/2019\/07\/1152214530_1-300x200.jpg 300w, https:\/\/kingarms.ee\/wp-content\/uploads\/2019\/07\/1152214530_1-150x100.jpg 150w, https:\/\/kingarms.ee\/wp-content\/uploads\/2019\/07\/1152214530_1-500x333.jpg 500w, https:\/\/kingarms.ee\/wp-content\/uploads\/2019\/07\/1152214530_1-768x512.jpg 768w, https:\/\/kingarms.ee\/wp-content\/uploads\/2019\/07\/1152214530_1.jpg 800w\" sizes=\"auto, (max-width: 300px) 100vw, 300px\" \/><\/a><\/p>\n","protected":false},"excerpt":{"rendered":"<p>CNC Hop-Up kamber (AK)<\/p>\n<p>Augst\u0101k\u0101s kvalit\u0101tes api\u0146u kamera, ko ra\u017eo labi paz\u012bstams uz\u0146\u0113mums TORNADO.<\/p>\n<p> Kamera tika piln\u012bb\u0101 izgatavota no viena alum\u012bnija bloka, izmantojot prec\u012bzas CNC ma\u0161\u012bnas.<\/p>\n<p>Tornado alum\u012bnija kameras izmanto\u0161ana \u013cauj sasniegt daudz lab\u0101ku stabilit\u0101ti un sist\u0113mas bl\u012bvumu nek\u0101 kr\u0101juma kamera, kas tie\u0161i noved pie lab\u0101kas veiktsp\u0113jas un pat FPS palielin\u0101\u0161an\u0101s.<\/p>\n","protected":false},"featured_media":110555,"template":"","meta":{"_acf_changed":false},"product_brand":[],"product_cat":[1107],"product_tag":[],"class_list":{"0":"post-146817","1":"product","2":"type-product","3":"status-publish","4":"has-post-thumbnail","6":"product_cat-noregulesana","8":"first","9":"instock","10":"taxable","11":"shipping-taxable","12":"purchasable","13":"product-type-simple"},"acf":[],"_links":{"self":[{"href":"https:\/\/kingarms.ee\/lv\/wp-json\/wp\/v2\/product\/146817","targetHints":{"allow":["GET"]}}],"collection":[{"href":"https:\/\/kingarms.ee\/lv\/wp-json\/wp\/v2\/product"}],"about":[{"href":"https:\/\/kingarms.ee\/lv\/wp-json\/wp\/v2\/types\/product"}],"wp:featuredmedia":[{"embeddable":true,"href":"https:\/\/kingarms.ee\/lv\/wp-json\/wp\/v2\/media\/110555"}],"wp:attachment":[{"href":"https:\/\/kingarms.ee\/lv\/wp-json\/wp\/v2\/media?parent=146817"}],"wp:term":[{"taxonomy":"product_brand","embeddable":true,"href":"https:\/\/kingarms.ee\/lv\/wp-json\/wp\/v2\/product_brand?post=146817"},{"taxonomy":"product_cat","embeddable":true,"href":"https:\/\/kingarms.ee\/lv\/wp-json\/wp\/v2\/product_cat?post=146817"},{"taxonomy":"product_tag","embeddable":true,"href":"https:\/\/kingarms.ee\/lv\/wp-json\/wp\/v2\/product_tag?post=146817"}],"curies":[{"name":"wp","href":"https:\/\/api.w.org\/{rel}","templated":true}]}}