{"id":146819,"date":"2019-06-13T20:35:28","date_gmt":"2025-03-09T16:25:37","guid":{"rendered":"https:\/\/kingarms.ee\/product\/1x20-sarkano-zalo-punktu-merkis-teta\/"},"modified":"2025-03-09T19:25:37","modified_gmt":"2025-03-09T16:25:37","slug":"1x20-sarkano-zalo-punktu-merkis-teta","status":"publish","type":"product","link":"https:\/\/kingarms.ee\/lv\/product\/1x20-sarkano-zalo-punktu-merkis-teta\/","title":{"rendered":"1&#215;20 sarkano \/ za\u013co punktu m\u0113r\u0137is (Teta)<br><br>"},"content":{"rendered":"<p><a href=\"https:\/\/kingarms.ee\/wp-content\/uploads\/2019\/06\/1152205528_1-300x200.jpg\"><img loading=\"lazy\" decoding=\"async\" class=\"alignnone size-medium wp-image-15813\" src=\"https:\/\/kingarms.ee\/wp-content\/uploads\/2019\/06\/1152205528_1-300x200.jpg\" alt=\"\" width=\"300\" height=\"200\" srcset=\"https:\/\/kingarms.ee\/wp-content\/uploads\/2019\/06\/1152205528_1-300x200.jpg 300w, https:\/\/kingarms.ee\/wp-content\/uploads\/2019\/06\/1152205528_1-150x100.jpg 150w, https:\/\/kingarms.ee\/wp-content\/uploads\/2019\/06\/1152205528_1-500x333.jpg 500w, https:\/\/kingarms.ee\/wp-content\/uploads\/2019\/06\/1152205528_1-768x512.jpg 768w, https:\/\/kingarms.ee\/wp-content\/uploads\/2019\/06\/1152205528_1.jpg 800w\" sizes=\"auto, (max-width: 300px) 100vw, 300px\" \/><\/a><\/p>\n","protected":false},"excerpt":{"rendered":"<p>1&#215;20 sarkano \/ za\u013co punktu m\u0113r\u0137is (Teta)<\/p>\n<p>Theta Optika: kompaktais precision sight ir izgatavots ar met\u0101la korpusu, un to darbina CR2032 akumulators, un tas \u013cauj dienas laik\u0101 un nakt\u012b izmantot gan za\u013cus, gan sarkanus punktus.<\/p>\n<p> Punktu var vienm\u0113r\u012bgi noregul\u0113t vertik\u0101li un horizont\u0101li.<\/p>\n<p> Tas pied\u0101v\u0101 vair\u0101kas spilgtuma iesp\u0113jas.<\/p>\n<p> Skats, kas uzst\u0101d\u012bts uz standarta 22 mm Ris sliedes, \u013cauj \u0101tri un prec\u012bzi nor\u0101d\u012bt.<\/p>\n<p>Theta Opticsext m\u0113r\u0137is ir ne tikai nodro\u0161in\u0101t augstas kvalit\u0101tes optisko apr\u012bkojumu, bet ar\u012b nep\u0101rtraukti papla\u0161in\u0101t savu pied\u0101v\u0101jumu ar kop\u012bgiem inovat\u012bviem augstas kvalit\u0101tes produktu risin\u0101jumiem.<\/p>\n<p> Pirms lai\u0161anas tirg\u016b katram produktam tiek veiktas vair\u0101kas p\u0101rbaudes.<\/p>\n<p> Theta optika ir ieteikums lietot\u0101jiem, kuri mekl\u0113 kvalitat\u012bvu produktu par sapr\u0101t\u012bgu cenu.<\/p>\n","protected":false},"featured_media":110091,"template":"","meta":{"_acf_changed":false},"product_brand":[],"product_cat":[1067],"product_tag":[],"class_list":{"0":"post-146819","1":"product","2":"type-product","3":"status-publish","4":"has-post-thumbnail","6":"product_cat-skats","8":"first","9":"instock","10":"taxable","11":"shipping-taxable","12":"purchasable","13":"product-type-simple"},"acf":[],"_links":{"self":[{"href":"https:\/\/kingarms.ee\/lv\/wp-json\/wp\/v2\/product\/146819","targetHints":{"allow":["GET"]}}],"collection":[{"href":"https:\/\/kingarms.ee\/lv\/wp-json\/wp\/v2\/product"}],"about":[{"href":"https:\/\/kingarms.ee\/lv\/wp-json\/wp\/v2\/types\/product"}],"wp:featuredmedia":[{"embeddable":true,"href":"https:\/\/kingarms.ee\/lv\/wp-json\/wp\/v2\/media\/110091"}],"wp:attachment":[{"href":"https:\/\/kingarms.ee\/lv\/wp-json\/wp\/v2\/media?parent=146819"}],"wp:term":[{"taxonomy":"product_brand","embeddable":true,"href":"https:\/\/kingarms.ee\/lv\/wp-json\/wp\/v2\/product_brand?post=146819"},{"taxonomy":"product_cat","embeddable":true,"href":"https:\/\/kingarms.ee\/lv\/wp-json\/wp\/v2\/product_cat?post=146819"},{"taxonomy":"product_tag","embeddable":true,"href":"https:\/\/kingarms.ee\/lv\/wp-json\/wp\/v2\/product_tag?post=146819"}],"curies":[{"name":"wp","href":"https:\/\/api.w.org\/{rel}","templated":true}]}}