{"id":146831,"date":"2019-09-19T17:50:18","date_gmt":"2025-03-10T09:01:24","guid":{"rendered":"https:\/\/kingarms.ee\/product\/brilles-smilskrasas\/"},"modified":"2025-03-10T12:01:24","modified_gmt":"2025-03-10T09:01:24","slug":"brilles-smilskrasas","status":"publish","type":"product","link":"https:\/\/kingarms.ee\/lv\/product\/brilles-smilskrasas\/","title":{"rendered":"Brilles Smil\u0161kr\u0101sas<br><br>"},"content":{"rendered":"<p><a href=\"https:\/\/kingarms.ee\/wp-content\/uploads\/2019\/09\/MA-43-T1-300x225.jpg\"><img loading=\"lazy\" decoding=\"async\" class=\"alignnone size-medium wp-image-18462\" src=\"https:\/\/kingarms.ee\/wp-content\/uploads\/2019\/09\/MA-43-T1-300x225.jpg\" alt=\"\" width=\"300\" height=\"225\" srcset=\"https:\/\/kingarms.ee\/wp-content\/uploads\/2019\/09\/MA-43-T1-300x225.jpg 300w, https:\/\/kingarms.ee\/wp-content\/uploads\/2019\/09\/MA-43-T1-150x113.jpg 150w, https:\/\/kingarms.ee\/wp-content\/uploads\/2019\/09\/MA-43-T1-500x375.jpg 500w, https:\/\/kingarms.ee\/wp-content\/uploads\/2019\/09\/MA-43-T1-600x450.jpg 600w, https:\/\/kingarms.ee\/wp-content\/uploads\/2019\/09\/MA-43-T1.jpg 640w\" sizes=\"auto, (max-width: 300px) 100vw, 300px\" \/><\/a><\/p>\n","protected":false},"excerpt":{"rendered":"<p>Brilles Smil\u0161kr\u0101sas<\/p>\n<p>GX-1000 GOGGLES komplekts sast\u0101v no 3 da\u017e\u0101d\u0101m brill\u0113m, kuras var nomain\u012bt atbilsto\u0161i m\u0113r\u0137im un laika apst\u0101k\u013ciem.<\/p>\n<p>Ide\u0101ls risin\u0101jums par pie\u0146emamu cenu.<\/p>\n<p><span style=\"color: #ff0000;\">NB!<\/p>\n<p> Produkts nav ballistiska acu aizsardz\u012bba, un t\u0101 izmanto\u0161ana \u0161im nol\u016bkam nav sader\u012bga ar paredz\u0113to lietojumu.<\/p>\n<p>P\u0101rdev\u0113js un ra\u017eot\u0101js nav atbild\u012bgi par produkta lieto\u0161anu, lai aizsarg\u0101tu lietot\u0101ja acis airsoft sp\u0113l\u0113s, izmantojot airsoft kopijas.<\/p>\n<p> Tas attiecas ar\u012b uz iesp\u0113jam\u0101m vesel\u012bbas probl\u0113m\u0101m vai \u012bpa\u0161uma boj\u0101jumiem lietot\u0101jam, un s\u016bdz\u012bba par produktu neattiecas.<\/p>\n<p><\/span><\/p>\n","protected":false},"featured_media":111207,"template":"","meta":{"_acf_changed":false},"product_brand":[],"product_cat":[1085],"product_tag":[],"class_list":{"0":"post-146831","1":"product","2":"type-product","3":"status-publish","4":"has-post-thumbnail","6":"product_cat-airsoft-brilles","8":"first","9":"instock","10":"taxable","11":"shipping-taxable","12":"purchasable","13":"product-type-simple"},"acf":[],"_links":{"self":[{"href":"https:\/\/kingarms.ee\/lv\/wp-json\/wp\/v2\/product\/146831","targetHints":{"allow":["GET"]}}],"collection":[{"href":"https:\/\/kingarms.ee\/lv\/wp-json\/wp\/v2\/product"}],"about":[{"href":"https:\/\/kingarms.ee\/lv\/wp-json\/wp\/v2\/types\/product"}],"wp:featuredmedia":[{"embeddable":true,"href":"https:\/\/kingarms.ee\/lv\/wp-json\/wp\/v2\/media\/111207"}],"wp:attachment":[{"href":"https:\/\/kingarms.ee\/lv\/wp-json\/wp\/v2\/media?parent=146831"}],"wp:term":[{"taxonomy":"product_brand","embeddable":true,"href":"https:\/\/kingarms.ee\/lv\/wp-json\/wp\/v2\/product_brand?post=146831"},{"taxonomy":"product_cat","embeddable":true,"href":"https:\/\/kingarms.ee\/lv\/wp-json\/wp\/v2\/product_cat?post=146831"},{"taxonomy":"product_tag","embeddable":true,"href":"https:\/\/kingarms.ee\/lv\/wp-json\/wp\/v2\/product_tag?post=146831"}],"curies":[{"name":"wp","href":"https:\/\/api.w.org\/{rel}","templated":true}]}}