{"id":146835,"date":"2019-09-18T17:02:39","date_gmt":"2025-03-10T09:13:08","guid":{"rendered":"https:\/\/kingarms.ee\/product\/18650-uzladejams-akumulators-klarus\/"},"modified":"2025-03-10T12:13:08","modified_gmt":"2025-03-10T09:13:08","slug":"18650-uzladejams-akumulators-klarus","status":"publish","type":"product","link":"https:\/\/kingarms.ee\/lv\/product\/18650-uzladejams-akumulators-klarus\/","title":{"rendered":"18650 uzl\u0101d\u0113jams akumulators (Klarus)<br><br>"},"content":{"rendered":"<p><a href=\"https:\/\/kingarms.ee\/wp-content\/uploads\/2019\/09\/chrome_EVcvLRJjmD-300x300.png\"><img loading=\"lazy\" decoding=\"async\" class=\"alignnone size-medium wp-image-18427\" src=\"https:\/\/kingarms.ee\/wp-content\/uploads\/2019\/09\/chrome_EVcvLRJjmD-300x300.png\" alt=\"\" width=\"300\" height=\"300\" srcset=\"https:\/\/kingarms.ee\/wp-content\/uploads\/2019\/09\/chrome_EVcvLRJjmD-300x300.png 300w, https:\/\/kingarms.ee\/wp-content\/uploads\/2019\/09\/chrome_EVcvLRJjmD-150x150.png 150w, https:\/\/kingarms.ee\/wp-content\/uploads\/2019\/09\/chrome_EVcvLRJjmD-500x500.png 500w, https:\/\/kingarms.ee\/wp-content\/uploads\/2019\/09\/chrome_EVcvLRJjmD-768x768.png 768w, https:\/\/kingarms.ee\/wp-content\/uploads\/2019\/09\/chrome_EVcvLRJjmD.png 913w\" sizes=\"auto, (max-width: 300px) 100vw, 300px\" \/><\/a><\/p>\n","protected":false},"excerpt":{"rendered":"<p>Klarus Li-Ion 18650 2600mAh akumulatoram ir augstas veiktsp\u0113jas kontakti ar spail\u0113m un pog\u0101m.<\/p>\n<p>Akumulatoram ir ieb\u016bv\u0113ta \u012assavienojuma aizsardz\u012bba un piel\u0101gots \u0137\u0113des p\u0101rtrauc\u0113js, lai aizsarg\u0101tu pret p\u0101rm\u0113r\u012bgu uzl\u0101di vai izl\u0101di.<\/p>\n<p>Nomin\u0101lais Spriegums: 3.7 V<\/p>\n<p>Apjoms: 2600mAh<\/p>\n<p>Uzl\u0101des Spriegums: 4.2 V<\/p>\n<p>Izl\u0101des robe\u017espriegums: 2.75 V<\/p>\n","protected":false},"featured_media":111191,"template":"","meta":{"_acf_changed":false},"product_brand":[],"product_cat":[1056],"product_tag":[],"class_list":{"0":"post-146835","1":"product","2":"type-product","3":"status-publish","4":"has-post-thumbnail","6":"product_cat-batterses","8":"first","9":"instock","10":"taxable","11":"shipping-taxable","12":"purchasable","13":"product-type-simple"},"acf":[],"_links":{"self":[{"href":"https:\/\/kingarms.ee\/lv\/wp-json\/wp\/v2\/product\/146835","targetHints":{"allow":["GET"]}}],"collection":[{"href":"https:\/\/kingarms.ee\/lv\/wp-json\/wp\/v2\/product"}],"about":[{"href":"https:\/\/kingarms.ee\/lv\/wp-json\/wp\/v2\/types\/product"}],"wp:featuredmedia":[{"embeddable":true,"href":"https:\/\/kingarms.ee\/lv\/wp-json\/wp\/v2\/media\/111191"}],"wp:attachment":[{"href":"https:\/\/kingarms.ee\/lv\/wp-json\/wp\/v2\/media?parent=146835"}],"wp:term":[{"taxonomy":"product_brand","embeddable":true,"href":"https:\/\/kingarms.ee\/lv\/wp-json\/wp\/v2\/product_brand?post=146835"},{"taxonomy":"product_cat","embeddable":true,"href":"https:\/\/kingarms.ee\/lv\/wp-json\/wp\/v2\/product_cat?post=146835"},{"taxonomy":"product_tag","embeddable":true,"href":"https:\/\/kingarms.ee\/lv\/wp-json\/wp\/v2\/product_tag?post=146835"}],"curies":[{"name":"wp","href":"https:\/\/api.w.org\/{rel}","templated":true}]}}