{"id":146837,"date":"2019-07-07T17:00:05","date_gmt":"2025-03-10T09:25:21","guid":{"rendered":"https:\/\/kingarms.ee\/product\/iepirkumu-maisins-zals\/"},"modified":"2025-03-10T12:25:21","modified_gmt":"2025-03-10T09:25:21","slug":"iepirkumu-maisins-zals","status":"publish","type":"product","link":"https:\/\/kingarms.ee\/lv\/product\/iepirkumu-maisins-zals\/","title":{"rendered":"Iepirkumu maisi\u0146\u0161-za\u013c\u0161<br><br>"},"content":{"rendered":"<p><a href=\"https:\/\/kingarms.ee\/wp-content\/uploads\/2019\/07\/1152199215_1-300x204.jpg\"><img loading=\"lazy\" decoding=\"async\" class=\"alignnone size-medium wp-image-16740\" src=\"https:\/\/kingarms.ee\/wp-content\/uploads\/2019\/07\/1152199215_1-300x204.jpg\" alt=\"\" width=\"300\" height=\"204\" srcset=\"https:\/\/kingarms.ee\/wp-content\/uploads\/2019\/07\/1152199215_1-300x204.jpg 300w, https:\/\/kingarms.ee\/wp-content\/uploads\/2019\/07\/1152199215_1-150x102.jpg 150w, https:\/\/kingarms.ee\/wp-content\/uploads\/2019\/07\/1152199215_1-500x341.jpg 500w, https:\/\/kingarms.ee\/wp-content\/uploads\/2019\/07\/1152199215_1-768x523.jpg 768w, https:\/\/kingarms.ee\/wp-content\/uploads\/2019\/07\/1152199215_1.jpg 800w\" sizes=\"auto, (max-width: 300px) 100vw, 300px\" \/><\/a><\/p>\n","protected":false},"excerpt":{"rendered":"<p>Iepirkumu maisi\u0146\u0161-za\u013c\u0161<\/p>\n<p>Soma ir izgatavota no neilona.<\/p>\n<p> Maisu var uzst\u0101d\u012bt uz PALS lentes, kas atbilst MOLLE standartam, to var n\u0113s\u0101t uz viduk\u013ca jostas vai uz pleca.<\/p>\n<p>Galven\u0101 kabata ir 215x80x170mm liela.<\/p>\n<p>\u0100r\u0113j\u0101 kabata somas priek\u0161pus\u0113 ir 195x115x45mm liela.<\/p>\n<p>K\u00fclgtaskud uz 55x75x125mm<\/p>\n","protected":false},"featured_media":110517,"template":"","meta":{"_acf_changed":false},"product_brand":[],"product_cat":[1088],"product_tag":[],"class_list":{"0":"post-146837","1":"product","2":"type-product","3":"status-publish","4":"has-post-thumbnail","6":"product_cat-gadijumi-un-somas","8":"first","9":"instock","10":"taxable","11":"shipping-taxable","12":"purchasable","13":"product-type-simple"},"acf":[],"_links":{"self":[{"href":"https:\/\/kingarms.ee\/lv\/wp-json\/wp\/v2\/product\/146837","targetHints":{"allow":["GET"]}}],"collection":[{"href":"https:\/\/kingarms.ee\/lv\/wp-json\/wp\/v2\/product"}],"about":[{"href":"https:\/\/kingarms.ee\/lv\/wp-json\/wp\/v2\/types\/product"}],"wp:featuredmedia":[{"embeddable":true,"href":"https:\/\/kingarms.ee\/lv\/wp-json\/wp\/v2\/media\/110517"}],"wp:attachment":[{"href":"https:\/\/kingarms.ee\/lv\/wp-json\/wp\/v2\/media?parent=146837"}],"wp:term":[{"taxonomy":"product_brand","embeddable":true,"href":"https:\/\/kingarms.ee\/lv\/wp-json\/wp\/v2\/product_brand?post=146837"},{"taxonomy":"product_cat","embeddable":true,"href":"https:\/\/kingarms.ee\/lv\/wp-json\/wp\/v2\/product_cat?post=146837"},{"taxonomy":"product_tag","embeddable":true,"href":"https:\/\/kingarms.ee\/lv\/wp-json\/wp\/v2\/product_tag?post=146837"}],"curies":[{"name":"wp","href":"https:\/\/api.w.org\/{rel}","templated":true}]}}