{"id":146841,"date":"2019-07-05T11:06:43","date_gmt":"2025-03-10T09:31:50","guid":{"rendered":"https:\/\/kingarms.ee\/product\/sarkana-plankumaina-vieta-teta\/"},"modified":"2025-03-10T12:31:50","modified_gmt":"2025-03-10T09:31:50","slug":"sarkana-plankumaina-vieta-teta","status":"publish","type":"product","link":"https:\/\/kingarms.ee\/lv\/product\/sarkana-plankumaina-vieta-teta\/","title":{"rendered":"Sarkan\u0101 Plankumaina Vieta (Teta)<br><br>"},"content":{"rendered":"<p><a href=\"https:\/\/kingarms.ee\/wp-content\/uploads\/2019\/07\/1152205531_5-300x200.jpg\"><img loading=\"lazy\" decoding=\"async\" class=\"alignnone size-medium wp-image-16655\" src=\"https:\/\/kingarms.ee\/wp-content\/uploads\/2019\/07\/1152205531_5-300x200.jpg\" alt=\"\" width=\"300\" height=\"200\" srcset=\"https:\/\/kingarms.ee\/wp-content\/uploads\/2019\/07\/1152205531_5-300x200.jpg 300w, https:\/\/kingarms.ee\/wp-content\/uploads\/2019\/07\/1152205531_5-150x100.jpg 150w, https:\/\/kingarms.ee\/wp-content\/uploads\/2019\/07\/1152205531_5-500x333.jpg 500w, https:\/\/kingarms.ee\/wp-content\/uploads\/2019\/07\/1152205531_5-768x512.jpg 768w, https:\/\/kingarms.ee\/wp-content\/uploads\/2019\/07\/1152205531_5.jpg 800w\" sizes=\"auto, (max-width: 300px) 100vw, 300px\" \/><\/a><\/p>\n","protected":false},"excerpt":{"rendered":"<p>Sarkan\u0101 Plankumaina Vieta (Teta)<\/p>\n<p>Klasisks sarkans punkts.<\/p>\n<p> Ir 11 da\u017e\u0101di spilgtuma l\u012bme\u0146i, no kuriem izv\u0113l\u0113ties.<\/p>\n<p> Priek\u0161\u0113jais objekt\u012bvs ir p\u0101rkl\u0101ts ar pretatstarojo\u0161u p\u0101rkl\u0101jumu.<\/p>\n<p> M\u0113r\u0137im ir stiprin\u0101jums 22 mm sliedei, t\u0101p\u0113c nav nepiecie\u0161ams ieg\u0101d\u0101ties papildu stiprin\u0101jumus.<\/p>\n<p>Svars 600 g<\/p>\n<p>Darbojas ar akumulatoru CR2032<\/p>\n","protected":false},"featured_media":110481,"template":"","meta":{"_acf_changed":false},"product_brand":[],"product_cat":[1067],"product_tag":[],"class_list":{"0":"post-146841","1":"product","2":"type-product","3":"status-publish","4":"has-post-thumbnail","6":"product_cat-skats","8":"first","9":"instock","10":"taxable","11":"shipping-taxable","12":"purchasable","13":"product-type-simple"},"acf":[],"_links":{"self":[{"href":"https:\/\/kingarms.ee\/lv\/wp-json\/wp\/v2\/product\/146841","targetHints":{"allow":["GET"]}}],"collection":[{"href":"https:\/\/kingarms.ee\/lv\/wp-json\/wp\/v2\/product"}],"about":[{"href":"https:\/\/kingarms.ee\/lv\/wp-json\/wp\/v2\/types\/product"}],"wp:featuredmedia":[{"embeddable":true,"href":"https:\/\/kingarms.ee\/lv\/wp-json\/wp\/v2\/media\/110481"}],"wp:attachment":[{"href":"https:\/\/kingarms.ee\/lv\/wp-json\/wp\/v2\/media?parent=146841"}],"wp:term":[{"taxonomy":"product_brand","embeddable":true,"href":"https:\/\/kingarms.ee\/lv\/wp-json\/wp\/v2\/product_brand?post=146841"},{"taxonomy":"product_cat","embeddable":true,"href":"https:\/\/kingarms.ee\/lv\/wp-json\/wp\/v2\/product_cat?post=146841"},{"taxonomy":"product_tag","embeddable":true,"href":"https:\/\/kingarms.ee\/lv\/wp-json\/wp\/v2\/product_tag?post=146841"}],"curies":[{"name":"wp","href":"https:\/\/api.w.org\/{rel}","templated":true}]}}