{"id":146843,"date":"2019-05-14T13:22:31","date_gmt":"2025-03-10T09:43:06","guid":{"rendered":"https:\/\/kingarms.ee\/product\/diamond-hop-up-kumm-80-labi-l96-awp\/"},"modified":"2025-03-10T12:43:06","modified_gmt":"2025-03-10T09:43:06","slug":"diamond-hop-up-kumm-80-labi-l96-awp","status":"publish","type":"product","link":"https:\/\/kingarms.ee\/lv\/product\/diamond-hop-up-kumm-80-labi-l96-awp\/","title":{"rendered":"Diamond Hop up kumm 80\u00b0 labi L96 AWP<br><br>"},"content":{"rendered":"<p><a href=\"https:\/\/kingarms.ee\/wp-content\/uploads\/2019\/05\/24775-600x400-300x200.jpg\"><img loading=\"lazy\" decoding=\"async\" class=\"alignnone size-medium wp-image-15074\" src=\"https:\/\/kingarms.ee\/wp-content\/uploads\/2019\/05\/24775-600x400-300x200.jpg\" alt=\"\" width=\"300\" height=\"200\" srcset=\"https:\/\/kingarms.ee\/wp-content\/uploads\/2019\/05\/24775-600x400-300x200.jpg 300w, https:\/\/kingarms.ee\/wp-content\/uploads\/2019\/05\/24775-600x400-150x100.jpg 150w, https:\/\/kingarms.ee\/wp-content\/uploads\/2019\/05\/24775-600x400-500x333.jpg 500w, https:\/\/kingarms.ee\/wp-content\/uploads\/2019\/05\/24775-600x400.jpg 600w\" sizes=\"auto, (max-width: 300px) 100vw, 300px\" \/><\/a><\/p>\n","protected":false},"excerpt":{"rendered":"<p>Diamond Hop up kumm 80\u00b0 labi L96 AWP<\/p>\n<p>Augstas kvalit\u0101tes Hopup gumija labi L96 lielgabals no Maple Leaf ra\u017eot\u0101ja.<\/p>\n","protected":false},"featured_media":109822,"template":"","meta":{"_acf_changed":false},"product_brand":[],"product_cat":[1107,1129],"product_tag":[],"class_list":{"0":"post-146843","1":"product","2":"type-product","3":"status-publish","4":"has-post-thumbnail","6":"product_cat-noregulesana","7":"product_cat-rezerves-dalas","9":"first","10":"onbackorder","11":"taxable","12":"shipping-taxable","13":"product-type-simple"},"acf":[],"_links":{"self":[{"href":"https:\/\/kingarms.ee\/lv\/wp-json\/wp\/v2\/product\/146843","targetHints":{"allow":["GET"]}}],"collection":[{"href":"https:\/\/kingarms.ee\/lv\/wp-json\/wp\/v2\/product"}],"about":[{"href":"https:\/\/kingarms.ee\/lv\/wp-json\/wp\/v2\/types\/product"}],"wp:featuredmedia":[{"embeddable":true,"href":"https:\/\/kingarms.ee\/lv\/wp-json\/wp\/v2\/media\/109822"}],"wp:attachment":[{"href":"https:\/\/kingarms.ee\/lv\/wp-json\/wp\/v2\/media?parent=146843"}],"wp:term":[{"taxonomy":"product_brand","embeddable":true,"href":"https:\/\/kingarms.ee\/lv\/wp-json\/wp\/v2\/product_brand?post=146843"},{"taxonomy":"product_cat","embeddable":true,"href":"https:\/\/kingarms.ee\/lv\/wp-json\/wp\/v2\/product_cat?post=146843"},{"taxonomy":"product_tag","embeddable":true,"href":"https:\/\/kingarms.ee\/lv\/wp-json\/wp\/v2\/product_tag?post=146843"}],"curies":[{"name":"wp","href":"https:\/\/api.w.org\/{rel}","templated":true}]}}