{"id":146845,"date":"2019-05-14T13:01:05","date_gmt":"2025-03-10T09:49:50","guid":{"rendered":"https:\/\/kingarms.ee\/product\/plastmasas-nazis-m4-pistolei\/"},"modified":"2025-03-10T12:49:50","modified_gmt":"2025-03-10T09:49:50","slug":"plastmasas-nazis-m4-pistolei","status":"publish","type":"product","link":"https:\/\/kingarms.ee\/lv\/product\/plastmasas-nazis-m4-pistolei\/","title":{"rendered":"Plastmasas nazis M4 pistolei<br><br>"},"content":{"rendered":"<p><a href=\"https:\/\/kingarms.ee\/wp-content\/uploads\/2019\/05\/FBP1741TAN4-300x225.jpg\"><img loading=\"lazy\" decoding=\"async\" class=\"alignnone size-medium wp-image-15035\" src=\"https:\/\/kingarms.ee\/wp-content\/uploads\/2019\/05\/FBP1741TAN4-300x225.jpg\" alt=\"\" width=\"300\" height=\"225\" srcset=\"https:\/\/kingarms.ee\/wp-content\/uploads\/2019\/05\/FBP1741TAN4-300x225.jpg 300w, https:\/\/kingarms.ee\/wp-content\/uploads\/2019\/05\/FBP1741TAN4-150x113.jpg 150w, https:\/\/kingarms.ee\/wp-content\/uploads\/2019\/05\/FBP1741TAN4-500x375.jpg 500w, https:\/\/kingarms.ee\/wp-content\/uploads\/2019\/05\/FBP1741TAN4-600x450.jpg 600w, https:\/\/kingarms.ee\/wp-content\/uploads\/2019\/05\/FBP1741TAN4.jpg 640w\" sizes=\"auto, (max-width: 300px) 100vw, 300px\" \/><\/a><\/p>\n","protected":false},"excerpt":{"rendered":"<p>Plastikust nuga M4 p\u00fcstoli jaoks<\/p>\n<p>&#8220;Asmens&#8221; ir izgatavots no iztur\u012bga, bet elast\u012bga plastmasas materi\u0101la.<\/p>\n<p> Rokturis ir p\u0101rkl\u0101ts ar pretsl\u012bdes tekst\u016bru, kas nodro\u0161ina past\u0101v\u012bgu sa\u0137eri.<\/p>\n<p> Plastmasas nazis ir ide\u0101li piem\u0113rots apm\u0101c\u012bbai, airsoft sp\u0113\u013cu un M4 \/ M16 lielgabals mont\u0101\u017ea.<\/p>\n","protected":false},"featured_media":109800,"template":"","meta":{"_acf_changed":false},"product_brand":[],"product_cat":[991],"product_tag":[],"class_list":{"0":"post-146845","1":"product","2":"type-product","3":"status-publish","4":"has-post-thumbnail","6":"product_cat-nazi","8":"first","9":"onbackorder","10":"taxable","11":"shipping-taxable","12":"product-type-simple"},"acf":[],"_links":{"self":[{"href":"https:\/\/kingarms.ee\/lv\/wp-json\/wp\/v2\/product\/146845","targetHints":{"allow":["GET"]}}],"collection":[{"href":"https:\/\/kingarms.ee\/lv\/wp-json\/wp\/v2\/product"}],"about":[{"href":"https:\/\/kingarms.ee\/lv\/wp-json\/wp\/v2\/types\/product"}],"wp:featuredmedia":[{"embeddable":true,"href":"https:\/\/kingarms.ee\/lv\/wp-json\/wp\/v2\/media\/109800"}],"wp:attachment":[{"href":"https:\/\/kingarms.ee\/lv\/wp-json\/wp\/v2\/media?parent=146845"}],"wp:term":[{"taxonomy":"product_brand","embeddable":true,"href":"https:\/\/kingarms.ee\/lv\/wp-json\/wp\/v2\/product_brand?post=146845"},{"taxonomy":"product_cat","embeddable":true,"href":"https:\/\/kingarms.ee\/lv\/wp-json\/wp\/v2\/product_cat?post=146845"},{"taxonomy":"product_tag","embeddable":true,"href":"https:\/\/kingarms.ee\/lv\/wp-json\/wp\/v2\/product_tag?post=146845"}],"curies":[{"name":"wp","href":"https:\/\/api.w.org\/{rel}","templated":true}]}}